{"id":10063,"date":"2025-04-20T19:35:49","date_gmt":"2025-04-21T01:35:49","guid":{"rendered":"https:\/\/cartria.com\/?page_id=10063"},"modified":"2025-10-30T09:47:43","modified_gmt":"2025-10-30T15:47:43","slug":"resenas","status":"publish","type":"page","link":"https:\/\/cartria.com\/es\/resenas\/","title":{"rendered":"Rese\u00f1as SP"},"content":{"rendered":"\t\t<div data-elementor-type=\"wp-page\" data-elementor-id=\"10063\" class=\"elementor elementor-10063 elementor-6352\" data-elementor-post-type=\"page\">\n\t\t\t\t<div class=\"elementor-element elementor-element-55a3d4d8 e-con-full e-flex e-con e-parent\" data-id=\"55a3d4d8\" data-element_type=\"container\" data-e-type=\"container\">\n\t\t\t\t<div class=\"elementor-element elementor-element-44074ed5 elementor-widget__width-inherit elementor-invisible elementor-widget elementor-widget-html\" data-id=\"44074ed5\" data-element_type=\"widget\" data-e-type=\"widget\" data-settings=\"{&quot;_animation&quot;:&quot;fadeIn&quot;}\" data-widget_type=\"html.default\">\n\t\t\t\t<div class=\"elementor-widget-container\">\n\t\t\t\t\t<style>\r\n  .video-wrapper {\r\n    width: 100%;\r\n    max-width: 100%;\r\n    margin: 0 auto;\r\n    overflow: hidden;\r\n    position: relative;\r\n  }\r\n\r\n  .video-wrapper video {\r\n    width: 100%;\r\n    height: auto;\r\n    display: block;\r\n    object-fit: cover;\r\n  }\r\n\r\n  .benefits-label {\r\n    position: absolute;\r\n    top: 50%;\r\n    left: 60px;\r\n    transform: translateY(-50%);\r\n    color: white;\r\n    font-size: 45px;\r\n    font-weight: bold;\r\n    z-index: 2;\r\n    opacity: 0;\r\n    animation: fadeInText 1.5s ease-out forwards;\r\n    animation-delay: 0.5s;\r\n  }\r\n\r\n  @keyframes fadeInText {\r\n    from {\r\n      opacity: 0;\r\n      transform: translateY(-50%) translateX(-20px);\r\n    }\r\n    to {\r\n      opacity: 1;\r\n      transform: translateY(-50%) translateX(0);\r\n    }\r\n  }\r\n<\/style>\r\n\r\n<!-- Video Background -->\r\n<div class=\"video-wrapper\">\r\n  <div class=\"benefits-label\">Rese\u00f1as<\/div>\r\n  <video autoplay muted loop playsinline>\r\n    <source src=\"https:\/\/cartria.com\/wp-content\/uploads\/2025\/10\/Hero-Spanish-6-11-25-B.mp4\" type=\"video\/mp4\">\r\n    Your browser does not support the video tag. CARTRIA\u2122 AI \u2013 Car Buying Assistant.\r\n  <\/video>\r\n<\/div>\r\n\t\t\t\t<\/div>\n\t\t\t\t<\/div>\n\t\t\t\t<\/div>\n\t\t<div class=\"elementor-element elementor-element-1deaa13 e-flex e-con-boxed e-con e-parent\" data-id=\"1deaa13\" data-element_type=\"container\" data-e-type=\"container\">\n\t\t\t\t\t<div class=\"e-con-inner\">\n\t\t\t\t<div class=\"elementor-element elementor-element-f884831 elementor-widget elementor-widget-text-editor\" data-id=\"f884831\" data-element_type=\"widget\" data-e-type=\"widget\" data-widget_type=\"text-editor.default\">\n\t\t\t\t<div class=\"elementor-widget-container\">\n\t\t\t\t\t\t\t\t\t<p>[site_reviews_form<br \/>hide=\u00bbtitle\u00bb<br \/>placeholder_content=\u00bbCu\u00e9ntales tu experiencia\u00bb<br \/>label_name=\u00bbTu nombre\u00bb<br \/>placeholder_name=\u00bbEscribe tu nombre\u00bb<br \/>label_email=\u00bbTu correo electr\u00f3nico\u00bb<br \/>placeholder_email=\u00bbEscribe tu correo electr\u00f3nico\u00bb<br \/>label_photos=\u00bb\u00bfTienes fotos para compartir?\u00bb<br \/>consent=\u00bbEsta rese\u00f1a se basa en mi propia experiencia y refleja mi opini\u00f3n genuina.\u00bb<br \/>submit=\u00bbENVIAR RESE\u00d1A\u00bb<br \/>]<\/p><p>[site_reviews_summary]<\/p><p>[site_reviews display=\u00bb10&#8243; pagination=\u00bbtrue\u00bb hide=\u00bbtitle\u00bb assigned=\u00bbspanish\u00bb]<\/p><p>Rese\u00f1as Verificadas de Compradores<\/p><p>En CARTRIA\u2122, ayudar a las personas a tomar decisiones confiables al comprar un auto es lo que hacemos. Estas rese\u00f1as provienen directamente de clientes verificados que usaron nuestros informes de historial vehicular por solo $7 para evitar sorpresas como accidentes, alteraciones de kilometraje o problemas con el t\u00edtulo. Ya sea que compres a un concesionario o a un vendedor particular, estas historias reales muestran c\u00f3mo CARTRIA\u2122 te da los hechos \u2014 r\u00e1pido, econ\u00f3mico y completo. Despl\u00e1zate para ver lo que otros descubrieron antes de comprar su auto usado.<\/p><p>Quienes compran autos usados enfrentan muchos riesgos: da\u00f1os ocultos, kilometraje inexacto, uso previo como veh\u00edculo comercial y m\u00e1s. Muchos de estos problemas no se detectan con una simple prueba de manejo o una conversaci\u00f3n con el vendedor. Ah\u00ed es donde entra CARTRIA\u2122. Por solo $7, nuestros informes revelan lo que el vendedor podr\u00eda no decirte: accidentes anteriores, llamadas a revisi\u00f3n activas, historial de t\u00edtulo, registros de grav\u00e1menes, fotos de subastas y mucho m\u00e1s. Esta informaci\u00f3n permite negociar mejor, evitar errores costosos y comprar con confianza.<\/p><p>Las rese\u00f1as en esta p\u00e1gina reflejan exactamente eso: personas reales usando informes reales para evitar problemas reales. Hablan m\u00e1s fuerte que cualquier anuncio. Antes de comprometerte con tu pr\u00f3ximo veh\u00edculo, deja que las experiencias compartidas aqu\u00ed te orienten\u2014y obt\u00e9n tu propio informe CARTRIA\u2122 para tomar una decisi\u00f3n completamente informada.<\/p>\t\t\t\t\t\t\t\t<\/div>\n\t\t\t\t<\/div>\n\t\t\t\t\t<\/div>\n\t\t\t\t<\/div>\n\t\t<div class=\"elementor-element elementor-element-4d34cf16 e-flex e-con-boxed e-con e-parent\" data-id=\"4d34cf16\" data-element_type=\"container\" data-e-type=\"container\">\n\t\t\t\t\t<div class=\"e-con-inner\">\n\t\t\t\t<div class=\"elementor-element elementor-element-3beb753f elementor-align-center elementor-widget elementor-widget-button\" data-id=\"3beb753f\" data-element_type=\"widget\" data-e-type=\"widget\" data-widget_type=\"button.default\">\n\t\t\t\t<div class=\"elementor-widget-container\">\n\t\t\t\t\t\t\t\t\t<div class=\"elementor-button-wrapper\">\n\t\t\t\t\t<a class=\"elementor-button elementor-button-link elementor-size-sm\" href=\"#\">\n\t\t\t\t\t\t<span class=\"elementor-button-content-wrapper\">\n\t\t\t\t\t\t\t\t\t<span class=\"elementor-button-text\">GET CARTRIA\u2122AI NOW <\/span>\n\t\t\t\t\t<\/span>\n\t\t\t\t\t<\/a>\n\t\t\t\t<\/div>\n\t\t\t\t\t\t\t\t<\/div>\n\t\t\t\t<\/div>\n\t\t\t\t\t<\/div>\n\t\t\t\t<\/div>\n\t\t\t\t<\/div>\n\t\t","protected":false},"excerpt":{"rendered":"<p>Rese\u00f1as Your browser does not support the video tag. CARTRIA\u2122 AI \u2013 Car Buying Assistant. [site_reviews_formhide=\u00bbtitle\u00bbplaceholder_content=\u00bbCu\u00e9ntales tu experiencia\u00bblabel_name=\u00bbTu nombre\u00bbplaceholder_name=\u00bbEscribe tu nombre\u00bblabel_email=\u00bbTu correo electr\u00f3nico\u00bbplaceholder_email=\u00bbEscribe tu correo electr\u00f3nico\u00bblabel_photos=\u00bb\u00bfTienes fotos para compartir?\u00bbconsent=\u00bbEsta rese\u00f1a se basa en mi propia experiencia y refleja mi opini\u00f3n genuina.\u00bbsubmit=\u00bbENVIAR RESE\u00d1A\u00bb] [site_reviews_summary] [site_reviews display=\u00bb10&#8243; pagination=\u00bbtrue\u00bb hide=\u00bbtitle\u00bb assigned=\u00bbspanish\u00bb] Rese\u00f1as Verificadas de Compradores En CARTRIA\u2122, ayudar [&hellip;]<\/p>\n","protected":false},"author":14,"featured_media":0,"parent":0,"menu_order":0,"comment_status":"closed","ping_status":"closed","template":"","meta":{"footnotes":""},"class_list":["post-10063","page","type-page","status-publish","hentry"],"yoast_head":"<!-- This site is optimized with the Yoast SEO plugin v27.4 - https:\/\/yoast.com\/product\/yoast-seo-wordpress\/ -->\n<title>Rese\u00f1as de CARTRIA\u2122 \u2013 Opiniones Reales de Reportes de Autos<\/title>\n<meta name=\"description\" content=\"Lee rese\u00f1as verificadas de clientes reales. CARTRIA\u2122 te ayuda a tomar mejores decisiones al comprar autos usados con reportes completos.\" \/>\n<meta name=\"robots\" content=\"index, follow, max-snippet:-1, max-image-preview:large, max-video-preview:-1\" \/>\n<link rel=\"canonical\" href=\"https:\/\/cartria.com\/es\/resenas\/\" \/>\n<meta property=\"og:locale\" content=\"es_ES\" \/>\n<meta property=\"og:type\" content=\"article\" \/>\n<meta property=\"og:title\" content=\"Rese\u00f1as de CARTRIA\u2122 \u2013 Opiniones Reales de Reportes de Autos\" \/>\n<meta property=\"og:description\" content=\"Lee rese\u00f1as verificadas de clientes reales. CARTRIA\u2122 te ayuda a tomar mejores decisiones al comprar autos usados con reportes completos.\" \/>\n<meta property=\"og:url\" content=\"https:\/\/cartria.com\/es\/resenas\/\" \/>\n<meta property=\"article:modified_time\" content=\"2025-10-30T15:47:43+00:00\" \/>\n<meta name=\"twitter:card\" content=\"summary_large_image\" \/>\n<meta name=\"twitter:label1\" content=\"Tiempo de lectura\" \/>\n\t<meta name=\"twitter:data1\" content=\"2 minutos\" \/>\n<script type=\"application\/ld+json\" class=\"yoast-schema-graph\">{\"@context\":\"https:\\\/\\\/schema.org\",\"@graph\":[{\"@type\":\"WebPage\",\"@id\":\"https:\\\/\\\/cartria.com\\\/es\\\/resenas\\\/\",\"url\":\"https:\\\/\\\/cartria.com\\\/es\\\/resenas\\\/\",\"name\":\"Rese\u00f1as de CARTRIA\u2122 \u2013 Opiniones Reales de Reportes de Autos\",\"isPartOf\":{\"@id\":\"https:\\\/\\\/cartria.com\\\/#website\"},\"datePublished\":\"2025-04-21T01:35:49+00:00\",\"dateModified\":\"2025-10-30T15:47:43+00:00\",\"description\":\"Lee rese\u00f1as verificadas de clientes reales. CARTRIA\u2122 te ayuda a tomar mejores decisiones al comprar autos usados con reportes completos.\",\"breadcrumb\":{\"@id\":\"https:\\\/\\\/cartria.com\\\/es\\\/resenas\\\/#breadcrumb\"},\"inLanguage\":\"es\",\"potentialAction\":[{\"@type\":\"ReadAction\",\"target\":[\"https:\\\/\\\/cartria.com\\\/es\\\/resenas\\\/\"]}]},{\"@type\":\"BreadcrumbList\",\"@id\":\"https:\\\/\\\/cartria.com\\\/es\\\/resenas\\\/#breadcrumb\",\"itemListElement\":[{\"@type\":\"ListItem\",\"position\":1,\"name\":\"Home\",\"item\":\"https:\\\/\\\/cartria.com\\\/\"},{\"@type\":\"ListItem\",\"position\":2,\"name\":\"Rese\u00f1as SP\"}]},{\"@type\":\"WebSite\",\"@id\":\"https:\\\/\\\/cartria.com\\\/#website\",\"url\":\"https:\\\/\\\/cartria.com\\\/\",\"name\":\"Cartria\",\"description\":\"\",\"publisher\":{\"@id\":\"https:\\\/\\\/cartria.com\\\/#organization\"},\"potentialAction\":[{\"@type\":\"SearchAction\",\"target\":{\"@type\":\"EntryPoint\",\"urlTemplate\":\"https:\\\/\\\/cartria.com\\\/?s={search_term_string}\"},\"query-input\":{\"@type\":\"PropertyValueSpecification\",\"valueRequired\":true,\"valueName\":\"search_term_string\"}}],\"inLanguage\":\"es\"},{\"@type\":\"Organization\",\"@id\":\"https:\\\/\\\/cartria.com\\\/#organization\",\"name\":\"Cartria\",\"url\":\"https:\\\/\\\/cartria.com\\\/\",\"logo\":{\"@type\":\"ImageObject\",\"inLanguage\":\"es\",\"@id\":\"https:\\\/\\\/cartria.com\\\/#\\\/schema\\\/logo\\\/image\\\/\",\"url\":\"https:\\\/\\\/cartria.com\\\/wp-content\\\/uploads\\\/2026\\\/02\\\/cartria_reg_logo_trans_2.png\",\"contentUrl\":\"https:\\\/\\\/cartria.com\\\/wp-content\\\/uploads\\\/2026\\\/02\\\/cartria_reg_logo_trans_2.png\",\"width\":1024,\"height\":1024,\"caption\":\"Cartria\"},\"image\":{\"@id\":\"https:\\\/\\\/cartria.com\\\/#\\\/schema\\\/logo\\\/image\\\/\"}}]}<\/script>\n<!-- \/ Yoast SEO plugin. -->","yoast_head_json":{"title":"Rese\u00f1as de CARTRIA\u2122 \u2013 Opiniones Reales de Reportes de Autos","description":"Lee rese\u00f1as verificadas de clientes reales. CARTRIA\u2122 te ayuda a tomar mejores decisiones al comprar autos usados con reportes completos.","robots":{"index":"index","follow":"follow","max-snippet":"max-snippet:-1","max-image-preview":"max-image-preview:large","max-video-preview":"max-video-preview:-1"},"canonical":"https:\/\/cartria.com\/es\/resenas\/","og_locale":"es_ES","og_type":"article","og_title":"Rese\u00f1as de CARTRIA\u2122 \u2013 Opiniones Reales de Reportes de Autos","og_description":"Lee rese\u00f1as verificadas de clientes reales. CARTRIA\u2122 te ayuda a tomar mejores decisiones al comprar autos usados con reportes completos.","og_url":"https:\/\/cartria.com\/es\/resenas\/","article_modified_time":"2025-10-30T15:47:43+00:00","twitter_card":"summary_large_image","twitter_misc":{"Tiempo de lectura":"2 minutos"},"schema":{"@context":"https:\/\/schema.org","@graph":[{"@type":"WebPage","@id":"https:\/\/cartria.com\/es\/resenas\/","url":"https:\/\/cartria.com\/es\/resenas\/","name":"Rese\u00f1as de CARTRIA\u2122 \u2013 Opiniones Reales de Reportes de Autos","isPartOf":{"@id":"https:\/\/cartria.com\/#website"},"datePublished":"2025-04-21T01:35:49+00:00","dateModified":"2025-10-30T15:47:43+00:00","description":"Lee rese\u00f1as verificadas de clientes reales. CARTRIA\u2122 te ayuda a tomar mejores decisiones al comprar autos usados con reportes completos.","breadcrumb":{"@id":"https:\/\/cartria.com\/es\/resenas\/#breadcrumb"},"inLanguage":"es","potentialAction":[{"@type":"ReadAction","target":["https:\/\/cartria.com\/es\/resenas\/"]}]},{"@type":"BreadcrumbList","@id":"https:\/\/cartria.com\/es\/resenas\/#breadcrumb","itemListElement":[{"@type":"ListItem","position":1,"name":"Home","item":"https:\/\/cartria.com\/"},{"@type":"ListItem","position":2,"name":"Rese\u00f1as SP"}]},{"@type":"WebSite","@id":"https:\/\/cartria.com\/#website","url":"https:\/\/cartria.com\/","name":"Cartria","description":"","publisher":{"@id":"https:\/\/cartria.com\/#organization"},"potentialAction":[{"@type":"SearchAction","target":{"@type":"EntryPoint","urlTemplate":"https:\/\/cartria.com\/?s={search_term_string}"},"query-input":{"@type":"PropertyValueSpecification","valueRequired":true,"valueName":"search_term_string"}}],"inLanguage":"es"},{"@type":"Organization","@id":"https:\/\/cartria.com\/#organization","name":"Cartria","url":"https:\/\/cartria.com\/","logo":{"@type":"ImageObject","inLanguage":"es","@id":"https:\/\/cartria.com\/#\/schema\/logo\/image\/","url":"https:\/\/cartria.com\/wp-content\/uploads\/2026\/02\/cartria_reg_logo_trans_2.png","contentUrl":"https:\/\/cartria.com\/wp-content\/uploads\/2026\/02\/cartria_reg_logo_trans_2.png","width":1024,"height":1024,"caption":"Cartria"},"image":{"@id":"https:\/\/cartria.com\/#\/schema\/logo\/image\/"}}]}},"_links":{"self":[{"href":"https:\/\/cartria.com\/es\/wp-json\/wp\/v2\/pages\/10063","targetHints":{"allow":["GET"]}}],"collection":[{"href":"https:\/\/cartria.com\/es\/wp-json\/wp\/v2\/pages"}],"about":[{"href":"https:\/\/cartria.com\/es\/wp-json\/wp\/v2\/types\/page"}],"author":[{"embeddable":true,"href":"https:\/\/cartria.com\/es\/wp-json\/wp\/v2\/users\/14"}],"replies":[{"embeddable":true,"href":"https:\/\/cartria.com\/es\/wp-json\/wp\/v2\/comments?post=10063"}],"version-history":[{"count":0,"href":"https:\/\/cartria.com\/es\/wp-json\/wp\/v2\/pages\/10063\/revisions"}],"wp:attachment":[{"href":"https:\/\/cartria.com\/es\/wp-json\/wp\/v2\/media?parent=10063"}],"curies":[{"name":"wp","href":"https:\/\/api.w.org\/{rel}","templated":true}]}}