{"id":10711,"date":"2025-07-05T15:19:40","date_gmt":"2025-07-05T21:19:40","guid":{"rendered":"https:\/\/cartria.com\/?page_id=10711"},"modified":"2025-10-30T09:38:10","modified_gmt":"2025-10-30T15:38:10","slug":"faqs","status":"publish","type":"page","link":"https:\/\/cartria.com\/es\/faqs\/","title":{"rendered":"FAQs"},"content":{"rendered":"\t\t<div data-elementor-type=\"wp-page\" data-elementor-id=\"10711\" class=\"elementor elementor-10711 elementor-10860\" data-elementor-post-type=\"page\">\n\t\t\t\t<div class=\"elementor-element elementor-element-ec97fa7 e-con-full e-flex e-con e-parent\" data-id=\"ec97fa7\" data-element_type=\"container\" data-e-type=\"container\">\n\t\t\t\t<div class=\"elementor-element elementor-element-16d95477 elementor-widget__width-inherit elementor-invisible elementor-widget elementor-widget-html\" data-id=\"16d95477\" data-element_type=\"widget\" data-e-type=\"widget\" data-settings=\"{&quot;_animation&quot;:&quot;fadeIn&quot;}\" data-widget_type=\"html.default\">\n\t\t\t\t<div class=\"elementor-widget-container\">\n\t\t\t\t\t<style>\r\n  .video-wrapper {\r\n    width: 100%;\r\n    max-width: 100%;\r\n    margin: 0 auto;\r\n    overflow: hidden;\r\n    position: relative;\r\n  }\r\n\r\n  .video-wrapper video {\r\n    width: 100%;\r\n    height: auto;\r\n    display: block;\r\n    object-fit: cover;\r\n  }\r\n\r\n  .benefits-label {\r\n    position: absolute;\r\n    top: 50%;\r\n    left: 60px;\r\n    transform: translateY(-50%);\r\n    color: white;\r\n    font-size: 45px;\r\n    font-weight: bold;\r\n    z-index: 2;\r\n    opacity: 0;\r\n    animation: fadeInText 1.5s ease-out forwards;\r\n    animation-delay: 0.5s;\r\n  }\r\n\r\n  @keyframes fadeInText {\r\n    from {\r\n      opacity: 0;\r\n      transform: translateY(-50%) translateX(-20px);\r\n    }\r\n    to {\r\n      opacity: 1;\r\n      transform: translateY(-50%) translateX(0);\r\n    }\r\n  }\r\n<\/style>\r\n\r\n<!-- Video Background -->\r\n<div class=\"video-wrapper\">\r\n  <div class=\"benefits-label\">FAQs<\/div>\r\n  <video autoplay muted loop playsinline>\r\n    <source src=\"https:\/\/cartria.com\/wp-content\/uploads\/2025\/10\/Hero-Spanish-6-11-25-B.mp4\" type=\"video\/mp4\">\r\n    Your browser does not support the video tag. CARTRIA\u2122 AI \u2013 Car Buying Assistant.\r\n  <\/video>\r\n<\/div>\r\n\t\t\t\t<\/div>\n\t\t\t\t<\/div>\n\t\t\t\t<\/div>\n\t\t\t\t<section class=\"elementor-section elementor-top-section elementor-element elementor-element-60bf7df7 elementor-reverse-tablet elementor-reverse-mobile elementor-section-boxed elementor-section-height-default elementor-section-height-default\" data-id=\"60bf7df7\" data-element_type=\"section\" data-e-type=\"section\" data-settings=\"{&quot;background_background&quot;:&quot;classic&quot;}\">\n\t\t\t\t\t\t<div class=\"elementor-container elementor-column-gap-default\">\n\t\t\t\t\t<div class=\"elementor-column elementor-col-100 elementor-top-column elementor-element elementor-element-f141853\" data-id=\"f141853\" data-element_type=\"column\" data-e-type=\"column\">\n\t\t\t<div class=\"elementor-widget-wrap elementor-element-populated\">\n\t\t\t\t\t\t<div class=\"elementor-element elementor-element-71fae674 elementor-widget-tablet__width-inherit elementor-widget elementor-widget-heading\" data-id=\"71fae674\" data-element_type=\"widget\" data-e-type=\"widget\" data-widget_type=\"heading.default\">\n\t\t\t\t<div class=\"elementor-widget-container\">\n\t\t\t\t\t<h1 class=\"elementor-heading-title elementor-size-default\"><span style=\"color:#390170\">CAR<\/span><span style=\"color:#f71336\">TRIA\u2122<\/span> FAQs<\/h1>\t\t\t\t<\/div>\n\t\t\t\t<\/div>\n\t\t\t\t\t<\/div>\n\t\t<\/div>\n\t\t\t\t\t<\/div>\n\t\t<\/section>\n\t\t<div class=\"elementor-element elementor-element-dd2d198 e-flex e-con-boxed e-con e-parent\" data-id=\"dd2d198\" data-element_type=\"container\" data-e-type=\"container\">\n\t\t\t\t\t<div class=\"e-con-inner\">\n\t\t\t\t<div class=\"elementor-element elementor-element-061c5a8 elementor-widget elementor-widget-html\" data-id=\"061c5a8\" data-element_type=\"widget\" data-e-type=\"widget\" data-widget_type=\"html.default\">\n\t\t\t\t<div class=\"elementor-widget-container\">\n\t\t\t\t\t<style>\r\n  .faq-container {\r\n    max-width: 800px;\r\n    margin: 0 auto;\r\n    font-family: sans-serif;\r\n  }\r\n\r\n  .faq-item {\r\n    margin-bottom: 20px;\r\n    border-bottom: 1px solid #ccc;\r\n    padding-bottom: 10px;\r\n  }\r\n\r\n  .faq-question {\r\n    font-size: 22px;\r\n    font-weight: bold;\r\n    color: #390170;\r\n    cursor: pointer;\r\n    text-align: left;\r\n  }\r\n\r\n  .faq-answer {\r\n    display: none;\r\n    margin-top: 10px;\r\n    color: #000000;\r\n    font-weight: bold;\r\n  }\r\n<\/style>\r\n\r\n<div class=\"faq-container\">\r\n\r\n  <div class=\"faq-item\">\r\n    <div class=\"faq-question\" onclick=\"toggleFAQ(this)\">\r\n      \u00bfQu\u00e9 es CARTRIA\u2122 IA?\r\n    <\/div>\r\n    <div class=\"faq-answer\">\r\n      <span style=\"color: #390170;\">CAR<\/span><span style=\"color: #f71336;\">TRIA\u2122<\/span>\r\n      <span style=\"color: #f71336;\"> IA<\/span> es el primer asistente de compra de autos impulsado por IA dise\u00f1ado para guiarte en el proceso con conocimientos expertos, soporte en vivo y acceso biling\u00fce en ingl\u00e9s y espa\u00f1ol.\r\n    <\/div>\r\n  <\/div>\r\n\r\n  <div class=\"faq-item\">\r\n    <div class=\"faq-question\" onclick=\"toggleFAQ(this)\">\r\n      \u00bfQu\u00e9 hace diferente a CARTRIA\u2122 IA?\r\n    <\/div>\r\n    <div class=\"faq-answer\">\r\n      <span style=\"color: #390170;\">CAR<\/span><span style=\"color: #f71336;\">TRIA\u2122<\/span>\r\n      <span style=\"color: #f71336;\"> IA<\/span> no es un simple calculador o verificador de VIN\u2014es un asistente experto en vivo que te asesora en tiempo real, protegi\u00e9ndote de errores costosos en cada paso del camino.\r\n    <\/div>\r\n  <\/div>\r\n\r\n  <div class=\"faq-item\">\r\n    <div class=\"faq-question\" onclick=\"toggleFAQ(this)\">\r\n      \u00bfCu\u00e1nto cuesta CARTRIA\u2122 IA?\r\n    <\/div>\r\n    <div class=\"faq-answer\">\r\n      El plan est\u00e1ndar cuesta $29.99 e incluye 14 d\u00edas de acceso (hasta 16 horas) a <span style=\"color: #390170;\">CAR<\/span><span style=\"color: #f71336;\">TRIA\u2122<\/span><span style=\"color: #f71336;\"> IA<\/span>, respuestas expertas ilimitadas y dos reportes completos de historial vehicular.\r\n    <\/div>\r\n  <\/div>\r\n\r\n  <div class=\"faq-item\">\r\n    <div class=\"faq-question\" onclick=\"toggleFAQ(this)\">\r\n      \u00bfCu\u00e1nto cuesta tiempo extra o reportes adicionales?\r\n    <\/div>\r\n    <div class=\"faq-answer\">\r\n      Puedes extender tu plan con 7 d\u00edas (8 horas adicionales) por $8.99 o 14 d\u00edas (16 horas) por $14.99. Los reportes adicionales de historial vehicular cuestan solo $7 cada uno.\r\n    <\/div>\r\n  <\/div>\r\n\r\n  <div class=\"faq-item\">\r\n    <div class=\"faq-question\" onclick=\"toggleFAQ(this)\">\r\n      \u00bfC\u00f3mo te ayuda CARTRIA\u2122 IA a comprar un auto?\r\n    <\/div>\r\n    <div class=\"faq-answer\">\r\n      <span style=\"color: #390170;\">CAR<\/span><span style=\"color: #f71336;\">TRIA\u2122<\/span>\r\n      <span style=\"color: #f71336;\"> IA<\/span> fue creada especialmente para compradores primerizos que no saben qu\u00e9 preguntar o c\u00f3mo detectar se\u00f1ales de alerta. Te ofrece orientaci\u00f3n en tiempo real, explica cada paso en lenguaje sencillo y te ayuda a evitar errores comunes\u2014para que compres con confianza, incluso si es tu primera vez.\r\n    <\/div>\r\n  <\/div>\r\n\r\n  <div class=\"faq-item\">\r\n    <div class=\"faq-question\" onclick=\"toggleFAQ(this)\">\r\n      \u00bfC\u00f3mo apoya CARTRIA\u2122 IA a compradores que hablan espa\u00f1ol?\r\n    <\/div>\r\n    <div class=\"faq-answer\">\r\n      <span style=\"color: #390170;\">CAR<\/span><span style=\"color: #f71336;\">TRIA\u2122<\/span>\r\n      <span style=\"color: #f71336;\"> IA<\/span> es completamente biling\u00fce en ingl\u00e9s y espa\u00f1ol, lo que facilita y hace m\u00e1s accesible todo el proceso de compra de autos para todos.\r\n    <\/div>\r\n  <\/div>\r\n\r\n  <div class=\"faq-item\">\r\n    <div class=\"faq-question\" onclick=\"toggleFAQ(this)\">\r\n      \u00bfCARTRIA\u2122 IA puede ayudarme a negociar en el concesionario?\r\n    <\/div>\r\n    <div class=\"faq-answer\">\r\n      S\u00ed. <span style=\"color: #390170;\">CAR<\/span><span style=\"color: #f71336;\">TRIA\u2122<\/span>\r\n      <span style=\"color: #f71336;\"> IA<\/span> te dice exactamente qu\u00e9 decir, responde a contraofertas y te gu\u00eda en cada etapa de la negociaci\u00f3n. Tambi\u00e9n recibir\u00e1s la Zona de Precios de <span style=\"color: #390170;\">CAR<\/span><span style=\"color: #f71336;\">TRIA\u2122<\/span>\r\n      <span style=\"color: #f71336;\"> IA<\/span>, que incluye tu Precio de Inicio, Precio Objetivo y Precio de Retiro.\r\n    <\/div>\r\n  <\/div>\r\n\r\n  <div class=\"faq-item\">\r\n    <div class=\"faq-question\" onclick=\"toggleFAQ(this)\">\r\n      \u00bfPuedo usar CARTRIA\u2122 IA para intercambios?\r\n    <\/div>\r\n    <div class=\"faq-answer\">\r\n      Por supuesto. <span style=\"color: #390170;\">CAR<\/span><span style=\"color: #f71336;\">TRIA\u2122<\/span>\r\n      <span style=\"color: #f71336;\"> IA<\/span> estima el valor de tu auto de intercambio usando su historial vehicular y luego te ayuda a negociar la mejor oferta posible.\r\n    <\/div>\r\n  <\/div>\r\n\r\n  <div class=\"faq-item\">\r\n    <div class=\"faq-question\" onclick=\"toggleFAQ(this)\">\r\n      \u00bfQu\u00e9 incluye un Reporte Completo de Historial Vehicular de CARTRIA\u2122?\r\n    <\/div>\r\n    <div class=\"faq-answer\">\r\n      Los reportes de <span style=\"color: #390170;\">CAR<\/span><span style=\"color: #f71336;\">TRIA\u2122<\/span> incluyen m\u00e1s de 30 puntos clave en 15 categor\u00edas para que tengas toda la informaci\u00f3n necesaria\u2014incluyendo historial de accidentes, problemas de t\u00edtulo, verificaci\u00f3n de kilometraje, registros de subasta, historial de uso y m\u00e1s. Cada reporte es analizado autom\u00e1ticamente por IA y resumido para ti.\r\n    <\/div>\r\n  <\/div>\r\n\r\n  <div class=\"faq-item\">\r\n    <div class=\"faq-question\" onclick=\"toggleFAQ(this)\">\r\n      \u00bfCARTRIA\u2122 IA puede revisar mis documentos?\r\n    <\/div>\r\n    <div class=\"faq-answer\">\r\n      S\u00ed. Sube tu contrato o documentos financieros\u2014<span style=\"color: #390170;\">CAR<\/span><span style=\"color: #f71336;\">TRIA\u2122<\/span>\r\n      <span style=\"color: #f71336;\"> IA<\/span> analiza la letra peque\u00f1a y te alerta sobre cargos ocultos, t\u00e9rminos injustos o cl\u00e1usulas peligrosas.\r\n    <\/div>\r\n  <\/div>\r\n\r\n  <div class=\"faq-item\">\r\n    <div class=\"faq-question\" onclick=\"toggleFAQ(this)\">\r\n      \u00bfCARTRIA\u2122 IA puede ayudarme si compro a un vendedor particular?\r\n    <\/div>\r\n    <div class=\"faq-answer\">\r\n      Claro que s\u00ed. <span style=\"color: #390170;\">CAR<\/span><span style=\"color: #f71336;\">TRIA\u2122<\/span>\r\n      <span style=\"color: #f71336;\"> IA<\/span> es especialmente \u00fatil cuando compras a un vendedor particular, donde no hay un concesionario para responder preguntas. Te ayuda a analizar el historial del veh\u00edculo, detectar riesgos ocultos y saber exactamente qu\u00e9 preguntar\u2014para que no termines con un mal negocio.\r\n    <\/div>\r\n  <\/div>\r\n\r\n  <div style=\"text-align: center; font-size: 35px; font-weight: bold; margin-top: 40px; white-space: nowrap;\">\r\n    <span style=\"color: #390170;\">CAR<\/span><span style=\"color: #f71336;\">TRIA\u2122<\/span>\r\n    <span style=\"color: #f71336;\"> IA<\/span><span style=\"color: #390170;\"> \u2013 Tu Amigo en el Mundo de los Autos<\/span>\r\n  <\/div>\r\n<\/div>\r\n\r\n<script>\r\n  function toggleFAQ(element) {\r\n    const answer = element.nextElementSibling;\r\n    answer.style.display = answer.style.display === 'block' ? 'none' : 'block';\r\n  }\r\n<\/script>\r\n\t\t\t\t<\/div>\n\t\t\t\t<\/div>\n\t\t\t\t\t<\/div>\n\t\t\t\t<\/div>\n\t\t<div class=\"elementor-element elementor-element-9e82cbd e-flex e-con-boxed e-con e-parent\" data-id=\"9e82cbd\" data-element_type=\"container\" data-e-type=\"container\">\n\t\t\t\t\t<div class=\"e-con-inner\">\n\t\t\t\t<div class=\"elementor-element elementor-element-87c801e elementor-widget elementor-widget-html\" data-id=\"87c801e\" data-element_type=\"widget\" data-e-type=\"widget\" data-widget_type=\"html.default\">\n\t\t\t\t<div class=\"elementor-widget-container\">\n\t\t\t\t\t<style>\r\n  .scroll-up {\r\n    opacity: 0;\r\n    transform: translateY(50px);\r\n    transition: opacity 1s ease, transform 1s ease;\r\n  }\r\n\r\n  .scroll-up.active {\r\n    opacity: 1;\r\n    transform: translateY(0);\r\n  }\r\n\r\n  .cross-price {\r\n    position: relative;\r\n    display: inline-block;\r\n    font-size: 48px;\r\n    font-weight: bold;\r\n    color: #f71336;\r\n    line-height: 55px;\r\n  }\r\n\r\n  .cross-price::before,\r\n  .cross-price::after {\r\n    content: '';\r\n    position: absolute;\r\n    width: 100%;\r\n    height: 4px;\r\n    background-color: #f71336;\r\n    top: 50%;\r\n    left: 0;\r\n  }\r\n\r\n  .cross-price::before {\r\n    transform: rotate(45deg);\r\n  }\r\n\r\n  .cross-price::after {\r\n    transform: rotate(-45deg);\r\n  }\r\n<\/style>\r\n\r\n<div style=\"text-align: center; font-family: sans-serif; line-height: 55px; font-weight: bold;\">\r\n\r\n  <!-- L\u00ednea 1: OFERTA INICIAL (sin dos puntos) -->\r\n  <div class=\"scroll-up\" style=\"font-size: 45px;\">\r\n    <span style=\"color: #390170;\">OFERTA<\/span>\r\n    <span style=\"color: #f71336;\">INICIAL<\/span>\r\n  <\/div>\r\n\r\n  <!-- L\u00ednea 2: CARTRIA\u2122 AI con colores -->\r\n  <div class=\"scroll-up\" style=\"font-size: 45px; margin-top: 10px;\">\r\n    <span style=\"color: #390170;\">CAR<\/span><span style=\"color: #f71336;\">TRIA\u2122 AI<\/span>\r\n  <\/div>\r\n\r\n  <!-- L\u00ednea 3: (Valor de $70) -->\r\n  <div class=\"scroll-up\" style=\"font-size: 40px; color: #000; margin-top: 10px;\">\r\n    (Valor de $70)\r\n  <\/div>\r\n\r\n  <!-- Imagen del precio -->\r\n  <div style=\"margin-top: 25px;\">\r\n    <img decoding=\"async\" class=\"scroll-up\" src=\"https:\/\/paleturquoise-mink-699719.hostingersite.com\/wp-content\/uploads\/2025\/07\/Justo35.99-Trans.png\" style=\"width: 15%; height: auto;\" alt=\"Justo $35.99\">\r\n  <\/div>\r\n<\/div>\r\n\r\n<script>\r\n  \/\/ Animaci\u00f3n de aparici\u00f3n al hacer scroll\r\n  window.addEventListener('scroll', function () {\r\n    document.querySelectorAll('.scroll-up').forEach(function (el) {\r\n      const rect = el.getBoundingClientRect();\r\n      if (rect.top < window.innerHeight - 100) {\r\n        el.classList.add('active');\r\n      }\r\n    });\r\n  });\r\n<\/script>\r\n\t\t\t\t<\/div>\n\t\t\t\t<\/div>\n\t\t\t\t\t<\/div>\n\t\t\t\t<\/div>\n\t\t<div class=\"elementor-element elementor-element-7449d976 e-flex e-con-boxed e-con e-parent\" data-id=\"7449d976\" data-element_type=\"container\" data-e-type=\"container\">\n\t\t\t\t\t<div class=\"e-con-inner\">\n\t\t\t\t<div class=\"elementor-element elementor-element-5b9900d7 elementor-align-center elementor-widget elementor-widget-button\" data-id=\"5b9900d7\" data-element_type=\"widget\" data-e-type=\"widget\" data-widget_type=\"button.default\">\n\t\t\t\t<div class=\"elementor-widget-container\">\n\t\t\t\t\t\t\t\t\t<div class=\"elementor-button-wrapper\">\n\t\t\t\t\t<a class=\"elementor-button elementor-button-link elementor-size-sm\" href=\"#\">\n\t\t\t\t\t\t<span class=\"elementor-button-content-wrapper\">\n\t\t\t\t\t\t\t\t\t<span class=\"elementor-button-text\">GET CARTRIA\u2122AI NOW <\/span>\n\t\t\t\t\t<\/span>\n\t\t\t\t\t<\/a>\n\t\t\t\t<\/div>\n\t\t\t\t\t\t\t\t<\/div>\n\t\t\t\t<\/div>\n\t\t\t\t\t<\/div>\n\t\t\t\t<\/div>\n\t\t\t\t<\/div>\n\t\t","protected":false},"excerpt":{"rendered":"<p>FAQs Your browser does not support the video tag. CARTRIA\u2122 AI \u2013 Car Buying Assistant. CARTRIA\u2122 FAQs \u00bfQu\u00e9 es CARTRIA\u2122 IA? CARTRIA\u2122 IA es el primer asistente de compra de autos impulsado por IA dise\u00f1ado para guiarte en el proceso con conocimientos expertos, soporte en vivo y acceso biling\u00fce en ingl\u00e9s y espa\u00f1ol. \u00bfQu\u00e9 hace [&hellip;]<\/p>\n","protected":false},"author":14,"featured_media":0,"parent":0,"menu_order":0,"comment_status":"closed","ping_status":"closed","template":"","meta":{"footnotes":""},"class_list":["post-10711","page","type-page","status-publish","hentry"],"yoast_head":"<!-- This site is optimized with the Yoast SEO plugin v27.4 - https:\/\/yoast.com\/product\/yoast-seo-wordpress\/ -->\n<title>CARTRIA\u2122 AI FAQ Preguntas frecuentes<\/title>\n<meta name=\"description\" content=\"Encuentre respuestas a preguntas frecuentes sobre precios de IA de CARTRIA\u2122, orientaci\u00f3n de IA y c\u00f3mo tomar decisiones inteligentes al comprar\" \/>\n<meta name=\"robots\" content=\"index, follow, max-snippet:-1, max-image-preview:large, max-video-preview:-1\" \/>\n<link rel=\"canonical\" href=\"https:\/\/cartria.com\/es\/faqs\/\" \/>\n<meta property=\"og:locale\" content=\"es_ES\" \/>\n<meta property=\"og:type\" content=\"article\" \/>\n<meta property=\"og:title\" content=\"CARTRIA\u2122 AI FAQ Preguntas frecuentes\" \/>\n<meta property=\"og:description\" content=\"Encuentre respuestas a preguntas frecuentes sobre precios de IA de CARTRIA\u2122, orientaci\u00f3n de IA y c\u00f3mo tomar decisiones inteligentes al comprar\" \/>\n<meta property=\"og:url\" content=\"https:\/\/cartria.com\/es\/faqs\/\" \/>\n<meta property=\"article:modified_time\" content=\"2025-10-30T15:38:10+00:00\" \/>\n<meta property=\"og:image\" content=\"https:\/\/paleturquoise-mink-699719.hostingersite.com\/wp-content\/uploads\/2025\/07\/Justo35.99-Trans.png\" \/>\n<meta name=\"twitter:card\" content=\"summary_large_image\" \/>\n<meta name=\"twitter:label1\" content=\"Tiempo de lectura\" \/>\n\t<meta name=\"twitter:data1\" content=\"3 minutos\" \/>\n<script type=\"application\/ld+json\" class=\"yoast-schema-graph\">{\"@context\":\"https:\\\/\\\/schema.org\",\"@graph\":[{\"@type\":\"WebPage\",\"@id\":\"https:\\\/\\\/cartria.com\\\/es\\\/faqs\\\/\",\"url\":\"https:\\\/\\\/cartria.com\\\/es\\\/faqs\\\/\",\"name\":\"CARTRIA\u2122 AI FAQ Preguntas frecuentes\",\"isPartOf\":{\"@id\":\"https:\\\/\\\/cartria.com\\\/#website\"},\"primaryImageOfPage\":{\"@id\":\"https:\\\/\\\/cartria.com\\\/es\\\/faqs\\\/#primaryimage\"},\"image\":{\"@id\":\"https:\\\/\\\/cartria.com\\\/es\\\/faqs\\\/#primaryimage\"},\"thumbnailUrl\":\"https:\\\/\\\/paleturquoise-mink-699719.hostingersite.com\\\/wp-content\\\/uploads\\\/2025\\\/07\\\/Justo35.99-Trans.png\",\"datePublished\":\"2025-07-05T21:19:40+00:00\",\"dateModified\":\"2025-10-30T15:38:10+00:00\",\"description\":\"Encuentre respuestas a preguntas frecuentes sobre precios de IA de CARTRIA\u2122, orientaci\u00f3n de IA y c\u00f3mo tomar decisiones inteligentes al comprar\",\"breadcrumb\":{\"@id\":\"https:\\\/\\\/cartria.com\\\/es\\\/faqs\\\/#breadcrumb\"},\"inLanguage\":\"es\",\"potentialAction\":[{\"@type\":\"ReadAction\",\"target\":[\"https:\\\/\\\/cartria.com\\\/es\\\/faqs\\\/\"]}]},{\"@type\":\"ImageObject\",\"inLanguage\":\"es\",\"@id\":\"https:\\\/\\\/cartria.com\\\/es\\\/faqs\\\/#primaryimage\",\"url\":\"https:\\\/\\\/paleturquoise-mink-699719.hostingersite.com\\\/wp-content\\\/uploads\\\/2025\\\/07\\\/Justo35.99-Trans.png\",\"contentUrl\":\"https:\\\/\\\/paleturquoise-mink-699719.hostingersite.com\\\/wp-content\\\/uploads\\\/2025\\\/07\\\/Justo35.99-Trans.png\"},{\"@type\":\"BreadcrumbList\",\"@id\":\"https:\\\/\\\/cartria.com\\\/es\\\/faqs\\\/#breadcrumb\",\"itemListElement\":[{\"@type\":\"ListItem\",\"position\":1,\"name\":\"Home\",\"item\":\"https:\\\/\\\/cartria.com\\\/\"},{\"@type\":\"ListItem\",\"position\":2,\"name\":\"FAQs\"}]},{\"@type\":\"WebSite\",\"@id\":\"https:\\\/\\\/cartria.com\\\/#website\",\"url\":\"https:\\\/\\\/cartria.com\\\/\",\"name\":\"Cartria\",\"description\":\"\",\"publisher\":{\"@id\":\"https:\\\/\\\/cartria.com\\\/#organization\"},\"potentialAction\":[{\"@type\":\"SearchAction\",\"target\":{\"@type\":\"EntryPoint\",\"urlTemplate\":\"https:\\\/\\\/cartria.com\\\/?s={search_term_string}\"},\"query-input\":{\"@type\":\"PropertyValueSpecification\",\"valueRequired\":true,\"valueName\":\"search_term_string\"}}],\"inLanguage\":\"es\"},{\"@type\":\"Organization\",\"@id\":\"https:\\\/\\\/cartria.com\\\/#organization\",\"name\":\"Cartria\",\"url\":\"https:\\\/\\\/cartria.com\\\/\",\"logo\":{\"@type\":\"ImageObject\",\"inLanguage\":\"es\",\"@id\":\"https:\\\/\\\/cartria.com\\\/#\\\/schema\\\/logo\\\/image\\\/\",\"url\":\"https:\\\/\\\/cartria.com\\\/wp-content\\\/uploads\\\/2026\\\/02\\\/cartria_reg_logo_trans_2.png\",\"contentUrl\":\"https:\\\/\\\/cartria.com\\\/wp-content\\\/uploads\\\/2026\\\/02\\\/cartria_reg_logo_trans_2.png\",\"width\":1024,\"height\":1024,\"caption\":\"Cartria\"},\"image\":{\"@id\":\"https:\\\/\\\/cartria.com\\\/#\\\/schema\\\/logo\\\/image\\\/\"}}]}<\/script>\n<!-- \/ Yoast SEO plugin. -->","yoast_head_json":{"title":"CARTRIA\u2122 AI FAQ Preguntas frecuentes","description":"Encuentre respuestas a preguntas frecuentes sobre precios de IA de CARTRIA\u2122, orientaci\u00f3n de IA y c\u00f3mo tomar decisiones inteligentes al comprar","robots":{"index":"index","follow":"follow","max-snippet":"max-snippet:-1","max-image-preview":"max-image-preview:large","max-video-preview":"max-video-preview:-1"},"canonical":"https:\/\/cartria.com\/es\/faqs\/","og_locale":"es_ES","og_type":"article","og_title":"CARTRIA\u2122 AI FAQ Preguntas frecuentes","og_description":"Encuentre respuestas a preguntas frecuentes sobre precios de IA de CARTRIA\u2122, orientaci\u00f3n de IA y c\u00f3mo tomar decisiones inteligentes al comprar","og_url":"https:\/\/cartria.com\/es\/faqs\/","article_modified_time":"2025-10-30T15:38:10+00:00","og_image":[{"url":"https:\/\/paleturquoise-mink-699719.hostingersite.com\/wp-content\/uploads\/2025\/07\/Justo35.99-Trans.png","type":"","width":"","height":""}],"twitter_card":"summary_large_image","twitter_misc":{"Tiempo de lectura":"3 minutos"},"schema":{"@context":"https:\/\/schema.org","@graph":[{"@type":"WebPage","@id":"https:\/\/cartria.com\/es\/faqs\/","url":"https:\/\/cartria.com\/es\/faqs\/","name":"CARTRIA\u2122 AI FAQ Preguntas frecuentes","isPartOf":{"@id":"https:\/\/cartria.com\/#website"},"primaryImageOfPage":{"@id":"https:\/\/cartria.com\/es\/faqs\/#primaryimage"},"image":{"@id":"https:\/\/cartria.com\/es\/faqs\/#primaryimage"},"thumbnailUrl":"https:\/\/paleturquoise-mink-699719.hostingersite.com\/wp-content\/uploads\/2025\/07\/Justo35.99-Trans.png","datePublished":"2025-07-05T21:19:40+00:00","dateModified":"2025-10-30T15:38:10+00:00","description":"Encuentre respuestas a preguntas frecuentes sobre precios de IA de CARTRIA\u2122, orientaci\u00f3n de IA y c\u00f3mo tomar decisiones inteligentes al comprar","breadcrumb":{"@id":"https:\/\/cartria.com\/es\/faqs\/#breadcrumb"},"inLanguage":"es","potentialAction":[{"@type":"ReadAction","target":["https:\/\/cartria.com\/es\/faqs\/"]}]},{"@type":"ImageObject","inLanguage":"es","@id":"https:\/\/cartria.com\/es\/faqs\/#primaryimage","url":"https:\/\/paleturquoise-mink-699719.hostingersite.com\/wp-content\/uploads\/2025\/07\/Justo35.99-Trans.png","contentUrl":"https:\/\/paleturquoise-mink-699719.hostingersite.com\/wp-content\/uploads\/2025\/07\/Justo35.99-Trans.png"},{"@type":"BreadcrumbList","@id":"https:\/\/cartria.com\/es\/faqs\/#breadcrumb","itemListElement":[{"@type":"ListItem","position":1,"name":"Home","item":"https:\/\/cartria.com\/"},{"@type":"ListItem","position":2,"name":"FAQs"}]},{"@type":"WebSite","@id":"https:\/\/cartria.com\/#website","url":"https:\/\/cartria.com\/","name":"Cartria","description":"","publisher":{"@id":"https:\/\/cartria.com\/#organization"},"potentialAction":[{"@type":"SearchAction","target":{"@type":"EntryPoint","urlTemplate":"https:\/\/cartria.com\/?s={search_term_string}"},"query-input":{"@type":"PropertyValueSpecification","valueRequired":true,"valueName":"search_term_string"}}],"inLanguage":"es"},{"@type":"Organization","@id":"https:\/\/cartria.com\/#organization","name":"Cartria","url":"https:\/\/cartria.com\/","logo":{"@type":"ImageObject","inLanguage":"es","@id":"https:\/\/cartria.com\/#\/schema\/logo\/image\/","url":"https:\/\/cartria.com\/wp-content\/uploads\/2026\/02\/cartria_reg_logo_trans_2.png","contentUrl":"https:\/\/cartria.com\/wp-content\/uploads\/2026\/02\/cartria_reg_logo_trans_2.png","width":1024,"height":1024,"caption":"Cartria"},"image":{"@id":"https:\/\/cartria.com\/#\/schema\/logo\/image\/"}}]}},"_links":{"self":[{"href":"https:\/\/cartria.com\/es\/wp-json\/wp\/v2\/pages\/10711","targetHints":{"allow":["GET"]}}],"collection":[{"href":"https:\/\/cartria.com\/es\/wp-json\/wp\/v2\/pages"}],"about":[{"href":"https:\/\/cartria.com\/es\/wp-json\/wp\/v2\/types\/page"}],"author":[{"embeddable":true,"href":"https:\/\/cartria.com\/es\/wp-json\/wp\/v2\/users\/14"}],"replies":[{"embeddable":true,"href":"https:\/\/cartria.com\/es\/wp-json\/wp\/v2\/comments?post=10711"}],"version-history":[{"count":0,"href":"https:\/\/cartria.com\/es\/wp-json\/wp\/v2\/pages\/10711\/revisions"}],"wp:attachment":[{"href":"https:\/\/cartria.com\/es\/wp-json\/wp\/v2\/media?parent=10711"}],"curies":[{"name":"wp","href":"https:\/\/api.w.org\/{rel}","templated":true}]}}