{"id":11367,"date":"2025-07-07T13:58:39","date_gmt":"2025-07-07T19:58:39","guid":{"rendered":"https:\/\/cartria.com\/?page_id=11367"},"modified":"2025-10-30T08:33:42","modified_gmt":"2025-10-30T14:33:42","slug":"blog-espanol","status":"publish","type":"page","link":"https:\/\/cartria.com\/es\/blog-espanol\/","title":{"rendered":"Blog-SPN"},"content":{"rendered":"\t\t<div data-elementor-type=\"wp-page\" data-elementor-id=\"11367\" class=\"elementor elementor-11367 elementor-11341\" data-elementor-post-type=\"page\">\n\t\t\t\t<div class=\"elementor-element elementor-element-1d18245 e-flex e-con-boxed e-con e-parent\" data-id=\"1d18245\" data-element_type=\"container\" data-e-type=\"container\">\n\t\t\t\t\t<div class=\"e-con-inner\">\n\t\t\t\t<div class=\"elementor-element elementor-element-a112b56 elementor-widget elementor-widget-html\" data-id=\"a112b56\" data-element_type=\"widget\" data-e-type=\"widget\" data-widget_type=\"html.default\">\n\t\t\t\t<div class=\"elementor-widget-container\">\n\t\t\t\t\t<style>\r\n  .video-wrapper {\r\n    width: 100%;\r\n    max-width: 100%;\r\n    margin: 0 auto;\r\n    overflow: hidden;\r\n    position: relative;\r\n  }\r\n\r\n  .video-wrapper video {\r\n    width: 100%;\r\n    height: auto;\r\n    display: block;\r\n    object-fit: cover;\r\n  }\r\n\r\n  .benefits-label {\r\n    position: absolute;\r\n    top: 50%;\r\n    left: 60px;\r\n    transform: translateY(-50%);\r\n    color: white;\r\n    font-size: 45px;\r\n    font-weight: bold;\r\n    z-index: 2;\r\n    opacity: 0;\r\n    animation: fadeInText 1.5s ease-out forwards;\r\n    animation-delay: 0.5s;\r\n  }\r\n\r\n  @keyframes fadeInText {\r\n    from {\r\n      opacity: 0;\r\n      transform: translateY(-50%) translateX(-20px);\r\n    }\r\n    to {\r\n      opacity: 1;\r\n      transform: translateY(-50%) translateX(0);\r\n    }\r\n  }\r\n<\/style>\r\n\r\n<!-- Video Background -->\r\n<div class=\"video-wrapper\">\r\n  <div class=\"benefits-label\">Blog<\/div>\r\n  <video autoplay muted loop playsinline>\r\n    <source src=\"https:\/\/cartria.com\/wp-content\/uploads\/2025\/10\/Hero-Spanish-6-11-25-B.mp4\" type=\"video\/mp4\">\r\n    Your browser does not support the video tag. CARTRIA\u2122 AI \u2013 Car Buying Assistant.\r\n  <\/video>\r\n<\/div>\r\n\t\t\t\t<\/div>\n\t\t\t\t<\/div>\n\t\t\t\t\t<\/div>\n\t\t\t\t<\/div>\n\t\t<div class=\"elementor-element elementor-element-c5477d1 e-flex e-con-boxed e-con e-parent\" data-id=\"c5477d1\" data-element_type=\"container\" data-e-type=\"container\">\n\t\t\t\t\t<div class=\"e-con-inner\">\n\t\t\t\t<div class=\"elementor-element elementor-element-ea09cae elementor-grid-eael-col-4 elementor-grid-tablet-eael-col-2 elementor-grid-mobile-eael-col-1 elementor-widget elementor-widget-eael-post-grid\" data-id=\"ea09cae\" data-element_type=\"widget\" data-e-type=\"widget\" data-settings=\"{&quot;eael_post_grid_columns&quot;:&quot;eael-col-4&quot;,&quot;eael_post_grid_columns_tablet&quot;:&quot;eael-col-2&quot;,&quot;eael_post_grid_columns_mobile&quot;:&quot;eael-col-1&quot;}\" data-widget_type=\"eael-post-grid.default\">\n\t\t\t\t<div class=\"elementor-widget-container\">\n\t\t\t\t\t<div id=\"eael-post-grid-ea09cae\" class=\"eael-post-grid-container\">\n            <div class=\"eael-post-grid eael-post-appender eael-post-appender-ea09cae eael-post-grid-style-one\" data-layout-mode=\"masonry\"><article class=\"eael-grid-post  eael-post-grid-column eael-pg-post-10052 category-sin-categoria\" data-id=\"10052\">\n        <div class=\"eael-grid-post-holder\">\n            <div class=\"eael-grid-post-holder-inner\"><div class=\"eael-entry-media\"><div class=\"eael-entry-overlay fade-in\"><i class=\"fas fa-long-arrow-alt-right\" aria-hidden=\"true\"><\/i><a href=\"https:\/\/cartria.com\/es\/preguntas-reporte-historial-vehicular\/\"><\/a><\/div><div class=\"eael-entry-thumbnail \">\n                <img fetchpriority=\"high\" decoding=\"async\" width=\"300\" height=\"300\" src=\"https:\/\/cartria.com\/wp-content\/uploads\/2025\/03\/Top-12-Questions-300x300.jpg\" class=\"attachment-medium size-medium wp-image-3041\" alt=\"Top 12 car questions\" srcset=\"https:\/\/cartria.com\/wp-content\/uploads\/2025\/03\/Top-12-Questions-300x300.jpg 300w, https:\/\/cartria.com\/wp-content\/uploads\/2025\/03\/Top-12-Questions-1024x1024.jpg 1024w, https:\/\/cartria.com\/wp-content\/uploads\/2025\/03\/Top-12-Questions-150x150.jpg 150w, https:\/\/cartria.com\/wp-content\/uploads\/2025\/03\/Top-12-Questions-768x768.jpg 768w, https:\/\/cartria.com\/wp-content\/uploads\/2025\/03\/Top-12-Questions-1536x1536.jpg 1536w, https:\/\/cartria.com\/wp-content\/uploads\/2025\/03\/Top-12-Questions-2048x2048.jpg 2048w, https:\/\/cartria.com\/wp-content\/uploads\/2025\/03\/Top-12-Questions-600x600.jpg 600w, https:\/\/cartria.com\/wp-content\/uploads\/2025\/03\/Top-12-Questions-100x100.jpg 100w\" sizes=\"(max-width: 300px) 100vw, 300px\" \/>\n            <\/div>\n        <\/div><div class=\"eael-entry-wrapper\"><header class=\"eael-entry-header\"><h2 class=\"eael-entry-title\"><a class=\"eael-grid-post-link\" href=\"https:\/\/cartria.com\/es\/preguntas-reporte-historial-vehicular\/\" title=\"\"><\/a><\/h2><\/header><div class=\"eael-entry-content\">\n                        <div class=\"eael-grid-post-excerpt\"><p>\u00a1SABE ANTES DE COMPRAR! Al comprar un auto usado, tomar...<\/p><a href=\"https:\/\/cartria.com\/es\/preguntas-reporte-historial-vehicular\/\" class=\"eael-post-elements-readmore-btn\">Read More<\/a><\/div>\n                    <\/div><\/div><\/div>\n        <\/div>\n    <\/article><article class=\"eael-grid-post  eael-post-grid-column eael-pg-post-10042 category-uncategorized\" data-id=\"10042\">\n        <div class=\"eael-grid-post-holder\">\n            <div class=\"eael-grid-post-holder-inner\"><div class=\"eael-entry-media\"><div class=\"eael-entry-overlay fade-in\"><i class=\"fas fa-long-arrow-alt-right\" aria-hidden=\"true\"><\/i><a href=\"https:\/\/cartria.com\/es\/titulo-con-marca\/\"><\/a><\/div><div class=\"eael-entry-thumbnail \">\n                <img decoding=\"async\" width=\"300\" height=\"171\" src=\"https:\/\/cartria.com\/wp-content\/uploads\/2025\/03\/Branded-Jpeg-300x171.jpg\" class=\"attachment-medium size-medium wp-image-3069\" alt=\"Branded Cartria report image\" srcset=\"https:\/\/cartria.com\/wp-content\/uploads\/2025\/03\/Branded-Jpeg-300x171.jpg 300w, https:\/\/cartria.com\/wp-content\/uploads\/2025\/03\/Branded-Jpeg-600x343.jpg 600w, https:\/\/cartria.com\/wp-content\/uploads\/2025\/03\/Branded-Jpeg-1024x585.jpg 1024w, https:\/\/cartria.com\/wp-content\/uploads\/2025\/03\/Branded-Jpeg-768x439.jpg 768w, https:\/\/cartria.com\/wp-content\/uploads\/2025\/03\/Branded-Jpeg.jpg 1487w\" sizes=\"(max-width: 300px) 100vw, 300px\" \/>\n            <\/div>\n        <\/div><div class=\"eael-entry-wrapper\"><header class=\"eael-entry-header\"><h2 class=\"eael-entry-title\"><a class=\"eael-grid-post-link\" href=\"https:\/\/cartria.com\/es\/titulo-con-marca\/\" title=\"\"><\/a><\/h2><\/header><div class=\"eael-entry-content\">\n                        <div class=\"eael-grid-post-excerpt\"><p>T\u00edtulo: \u00bfQu\u00e9 es un T\u00edtulo Marcado en un Auto? Significado,...<\/p><a href=\"https:\/\/cartria.com\/es\/titulo-con-marca\/\" class=\"eael-post-elements-readmore-btn\">Read More<\/a><\/div>\n                    <\/div><\/div><\/div>\n        <\/div>\n    <\/article><article class=\"eael-grid-post  eael-post-grid-column eael-pg-post-5952 category-sin-categoria\" data-id=\"5952\">\n        <div class=\"eael-grid-post-holder\">\n            <div class=\"eael-grid-post-holder-inner\"><div class=\"eael-entry-media\"><div class=\"eael-entry-overlay fade-in\"><i class=\"fas fa-long-arrow-alt-right\" aria-hidden=\"true\"><\/i><a href=\"https:\/\/cartria.com\/es\/leer-informe-historial-vehicular\/\"><\/a><\/div><div class=\"eael-entry-thumbnail \">\n                <img decoding=\"async\" width=\"300\" height=\"300\" src=\"https:\/\/cartria.com\/wp-content\/uploads\/2025\/03\/How-to-readReport-300x300.jpg\" class=\"attachment-medium size-medium wp-image-3065\" alt=\"Cartria report showing clean vs salvage title\" srcset=\"https:\/\/cartria.com\/wp-content\/uploads\/2025\/03\/How-to-readReport-300x300.jpg 300w, https:\/\/cartria.com\/wp-content\/uploads\/2025\/03\/How-to-readReport-1024x1024.jpg 1024w, https:\/\/cartria.com\/wp-content\/uploads\/2025\/03\/How-to-readReport-150x150.jpg 150w, https:\/\/cartria.com\/wp-content\/uploads\/2025\/03\/How-to-readReport-768x769.jpg 768w, https:\/\/cartria.com\/wp-content\/uploads\/2025\/03\/How-to-readReport-1534x1536.jpg 1534w, https:\/\/cartria.com\/wp-content\/uploads\/2025\/03\/How-to-readReport-2045x2048.jpg 2045w, https:\/\/cartria.com\/wp-content\/uploads\/2025\/03\/How-to-readReport-600x601.jpg 600w, https:\/\/cartria.com\/wp-content\/uploads\/2025\/03\/How-to-readReport-100x100.jpg 100w\" sizes=\"(max-width: 300px) 100vw, 300px\" \/>\n            <\/div>\n        <\/div><div class=\"eael-entry-wrapper\"><header class=\"eael-entry-header\"><h2 class=\"eael-entry-title\"><a class=\"eael-grid-post-link\" href=\"https:\/\/cartria.com\/es\/leer-informe-historial-vehicular\/\" title=\"C\u00f3mo leer un informe vehicular\">C\u00f3mo leer un informe vehicular<\/a><\/h2><\/header><div class=\"eael-entry-content\">\n                        <div class=\"eael-grid-post-excerpt\"><p>C\u00f3mo Leer un Informe de Historial Vehicular Por Qu\u00e9 un...<\/p><a href=\"https:\/\/cartria.com\/es\/leer-informe-historial-vehicular\/\" class=\"eael-post-elements-readmore-btn\">Read More<\/a><\/div>\n                    <\/div><\/div><\/div>\n        <\/div>\n    <\/article><\/div>\n            <div class=\"clearfix\"><\/div>\n        <\/div>\t\t\t\t<\/div>\n\t\t\t\t<\/div>\n\t\t\t\t\t<\/div>\n\t\t\t\t<\/div>\n\t\t\t\t<\/div>\n\t\t","protected":false},"excerpt":{"rendered":"<p>Blog Your browser does not support the video tag. CARTRIA\u2122 AI \u2013 Car Buying Assistant. Las 12 preguntas principales sobre los informes de historial vehicular \u2014 respondidas por CARTRIA\u2122 AI \u00a1SABE ANTES DE COMPRAR! Al comprar un auto usado, tomar&#8230; Read More \u00bfQu\u00e9 es un T\u00edtulo Marcado en un Auto? Ventajas y Desventajas) T\u00edtulo: \u00bfQu\u00e9 [&hellip;]<\/p>\n","protected":false},"author":14,"featured_media":0,"parent":0,"menu_order":0,"comment_status":"closed","ping_status":"closed","template":"","meta":{"footnotes":""},"class_list":["post-11367","page","type-page","status-publish","hentry"],"yoast_head":"<!-- This site is optimized with the Yoast SEO plugin v27.4 - https:\/\/yoast.com\/product\/yoast-seo-wordpress\/ -->\n<title>Blog en Espa\u00f1ol | CARTRIA\u2122 Informes de Veh\u00edculos<\/title>\n<meta name=\"description\" content=\"Lee art\u00edculos en espa\u00f1ol sobre c\u00f3mo usar informes CARTRIA\u2122 para tomar mejores decisiones al comprar autos usados.\" \/>\n<meta name=\"robots\" content=\"index, follow, max-snippet:-1, max-image-preview:large, max-video-preview:-1\" \/>\n<link rel=\"canonical\" href=\"https:\/\/cartria.com\/es\/blog-espanol\/\" \/>\n<meta property=\"og:locale\" content=\"es_ES\" \/>\n<meta property=\"og:type\" content=\"article\" \/>\n<meta property=\"og:title\" content=\"Blog en Espa\u00f1ol | CARTRIA\u2122 Informes de Veh\u00edculos\" \/>\n<meta property=\"og:description\" content=\"Lee art\u00edculos en espa\u00f1ol sobre c\u00f3mo usar informes CARTRIA\u2122 para tomar mejores decisiones al comprar autos usados.\" \/>\n<meta property=\"og:url\" content=\"https:\/\/cartria.com\/es\/blog-espanol\/\" \/>\n<meta property=\"article:modified_time\" content=\"2025-10-30T14:33:42+00:00\" \/>\n<meta property=\"og:image\" content=\"https:\/\/cartria.com\/wp-content\/uploads\/2025\/03\/Top-12-Questions-300x300.jpg\" \/>\n<meta name=\"twitter:card\" content=\"summary_large_image\" \/>\n<meta name=\"twitter:label1\" content=\"Tiempo de lectura\" \/>\n\t<meta name=\"twitter:data1\" content=\"1 minuto\" \/>\n<script type=\"application\/ld+json\" class=\"yoast-schema-graph\">{\"@context\":\"https:\\\/\\\/schema.org\",\"@graph\":[{\"@type\":\"WebPage\",\"@id\":\"https:\\\/\\\/cartria.com\\\/es\\\/blog-espanol\\\/\",\"url\":\"https:\\\/\\\/cartria.com\\\/es\\\/blog-espanol\\\/\",\"name\":\"Blog en Espa\u00f1ol | CARTRIA\u2122 Informes de Veh\u00edculos\",\"isPartOf\":{\"@id\":\"https:\\\/\\\/cartria.com\\\/#website\"},\"primaryImageOfPage\":{\"@id\":\"https:\\\/\\\/cartria.com\\\/es\\\/blog-espanol\\\/#primaryimage\"},\"image\":{\"@id\":\"https:\\\/\\\/cartria.com\\\/es\\\/blog-espanol\\\/#primaryimage\"},\"thumbnailUrl\":\"https:\\\/\\\/cartria.com\\\/wp-content\\\/uploads\\\/2025\\\/03\\\/Top-12-Questions-300x300.jpg\",\"datePublished\":\"2025-07-07T19:58:39+00:00\",\"dateModified\":\"2025-10-30T14:33:42+00:00\",\"description\":\"Lee art\u00edculos en espa\u00f1ol sobre c\u00f3mo usar informes CARTRIA\u2122 para tomar mejores decisiones al comprar autos usados.\",\"breadcrumb\":{\"@id\":\"https:\\\/\\\/cartria.com\\\/es\\\/blog-espanol\\\/#breadcrumb\"},\"inLanguage\":\"es\",\"potentialAction\":[{\"@type\":\"ReadAction\",\"target\":[\"https:\\\/\\\/cartria.com\\\/es\\\/blog-espanol\\\/\"]}]},{\"@type\":\"ImageObject\",\"inLanguage\":\"es\",\"@id\":\"https:\\\/\\\/cartria.com\\\/es\\\/blog-espanol\\\/#primaryimage\",\"url\":\"https:\\\/\\\/cartria.com\\\/wp-content\\\/uploads\\\/2025\\\/03\\\/Top-12-Questions-300x300.jpg\",\"contentUrl\":\"https:\\\/\\\/cartria.com\\\/wp-content\\\/uploads\\\/2025\\\/03\\\/Top-12-Questions-300x300.jpg\"},{\"@type\":\"BreadcrumbList\",\"@id\":\"https:\\\/\\\/cartria.com\\\/es\\\/blog-espanol\\\/#breadcrumb\",\"itemListElement\":[{\"@type\":\"ListItem\",\"position\":1,\"name\":\"Home\",\"item\":\"https:\\\/\\\/cartria.com\\\/\"},{\"@type\":\"ListItem\",\"position\":2,\"name\":\"Blog-SPN\"}]},{\"@type\":\"WebSite\",\"@id\":\"https:\\\/\\\/cartria.com\\\/#website\",\"url\":\"https:\\\/\\\/cartria.com\\\/\",\"name\":\"Cartria\",\"description\":\"\",\"publisher\":{\"@id\":\"https:\\\/\\\/cartria.com\\\/#organization\"},\"potentialAction\":[{\"@type\":\"SearchAction\",\"target\":{\"@type\":\"EntryPoint\",\"urlTemplate\":\"https:\\\/\\\/cartria.com\\\/?s={search_term_string}\"},\"query-input\":{\"@type\":\"PropertyValueSpecification\",\"valueRequired\":true,\"valueName\":\"search_term_string\"}}],\"inLanguage\":\"es\"},{\"@type\":\"Organization\",\"@id\":\"https:\\\/\\\/cartria.com\\\/#organization\",\"name\":\"Cartria\",\"url\":\"https:\\\/\\\/cartria.com\\\/\",\"logo\":{\"@type\":\"ImageObject\",\"inLanguage\":\"es\",\"@id\":\"https:\\\/\\\/cartria.com\\\/#\\\/schema\\\/logo\\\/image\\\/\",\"url\":\"https:\\\/\\\/cartria.com\\\/wp-content\\\/uploads\\\/2026\\\/02\\\/cartria_reg_logo_trans_2.png\",\"contentUrl\":\"https:\\\/\\\/cartria.com\\\/wp-content\\\/uploads\\\/2026\\\/02\\\/cartria_reg_logo_trans_2.png\",\"width\":1024,\"height\":1024,\"caption\":\"Cartria\"},\"image\":{\"@id\":\"https:\\\/\\\/cartria.com\\\/#\\\/schema\\\/logo\\\/image\\\/\"}}]}<\/script>\n<!-- \/ Yoast SEO plugin. -->","yoast_head_json":{"title":"Blog en Espa\u00f1ol | CARTRIA\u2122 Informes de Veh\u00edculos","description":"Lee art\u00edculos en espa\u00f1ol sobre c\u00f3mo usar informes CARTRIA\u2122 para tomar mejores decisiones al comprar autos usados.","robots":{"index":"index","follow":"follow","max-snippet":"max-snippet:-1","max-image-preview":"max-image-preview:large","max-video-preview":"max-video-preview:-1"},"canonical":"https:\/\/cartria.com\/es\/blog-espanol\/","og_locale":"es_ES","og_type":"article","og_title":"Blog en Espa\u00f1ol | CARTRIA\u2122 Informes de Veh\u00edculos","og_description":"Lee art\u00edculos en espa\u00f1ol sobre c\u00f3mo usar informes CARTRIA\u2122 para tomar mejores decisiones al comprar autos usados.","og_url":"https:\/\/cartria.com\/es\/blog-espanol\/","article_modified_time":"2025-10-30T14:33:42+00:00","og_image":[{"url":"https:\/\/cartria.com\/wp-content\/uploads\/2025\/03\/Top-12-Questions-300x300.jpg","type":"","width":"","height":""}],"twitter_card":"summary_large_image","twitter_misc":{"Tiempo de lectura":"1 minuto"},"schema":{"@context":"https:\/\/schema.org","@graph":[{"@type":"WebPage","@id":"https:\/\/cartria.com\/es\/blog-espanol\/","url":"https:\/\/cartria.com\/es\/blog-espanol\/","name":"Blog en Espa\u00f1ol | CARTRIA\u2122 Informes de Veh\u00edculos","isPartOf":{"@id":"https:\/\/cartria.com\/#website"},"primaryImageOfPage":{"@id":"https:\/\/cartria.com\/es\/blog-espanol\/#primaryimage"},"image":{"@id":"https:\/\/cartria.com\/es\/blog-espanol\/#primaryimage"},"thumbnailUrl":"https:\/\/cartria.com\/wp-content\/uploads\/2025\/03\/Top-12-Questions-300x300.jpg","datePublished":"2025-07-07T19:58:39+00:00","dateModified":"2025-10-30T14:33:42+00:00","description":"Lee art\u00edculos en espa\u00f1ol sobre c\u00f3mo usar informes CARTRIA\u2122 para tomar mejores decisiones al comprar autos usados.","breadcrumb":{"@id":"https:\/\/cartria.com\/es\/blog-espanol\/#breadcrumb"},"inLanguage":"es","potentialAction":[{"@type":"ReadAction","target":["https:\/\/cartria.com\/es\/blog-espanol\/"]}]},{"@type":"ImageObject","inLanguage":"es","@id":"https:\/\/cartria.com\/es\/blog-espanol\/#primaryimage","url":"https:\/\/cartria.com\/wp-content\/uploads\/2025\/03\/Top-12-Questions-300x300.jpg","contentUrl":"https:\/\/cartria.com\/wp-content\/uploads\/2025\/03\/Top-12-Questions-300x300.jpg"},{"@type":"BreadcrumbList","@id":"https:\/\/cartria.com\/es\/blog-espanol\/#breadcrumb","itemListElement":[{"@type":"ListItem","position":1,"name":"Home","item":"https:\/\/cartria.com\/"},{"@type":"ListItem","position":2,"name":"Blog-SPN"}]},{"@type":"WebSite","@id":"https:\/\/cartria.com\/#website","url":"https:\/\/cartria.com\/","name":"Cartria","description":"","publisher":{"@id":"https:\/\/cartria.com\/#organization"},"potentialAction":[{"@type":"SearchAction","target":{"@type":"EntryPoint","urlTemplate":"https:\/\/cartria.com\/?s={search_term_string}"},"query-input":{"@type":"PropertyValueSpecification","valueRequired":true,"valueName":"search_term_string"}}],"inLanguage":"es"},{"@type":"Organization","@id":"https:\/\/cartria.com\/#organization","name":"Cartria","url":"https:\/\/cartria.com\/","logo":{"@type":"ImageObject","inLanguage":"es","@id":"https:\/\/cartria.com\/#\/schema\/logo\/image\/","url":"https:\/\/cartria.com\/wp-content\/uploads\/2026\/02\/cartria_reg_logo_trans_2.png","contentUrl":"https:\/\/cartria.com\/wp-content\/uploads\/2026\/02\/cartria_reg_logo_trans_2.png","width":1024,"height":1024,"caption":"Cartria"},"image":{"@id":"https:\/\/cartria.com\/#\/schema\/logo\/image\/"}}]}},"_links":{"self":[{"href":"https:\/\/cartria.com\/es\/wp-json\/wp\/v2\/pages\/11367","targetHints":{"allow":["GET"]}}],"collection":[{"href":"https:\/\/cartria.com\/es\/wp-json\/wp\/v2\/pages"}],"about":[{"href":"https:\/\/cartria.com\/es\/wp-json\/wp\/v2\/types\/page"}],"author":[{"embeddable":true,"href":"https:\/\/cartria.com\/es\/wp-json\/wp\/v2\/users\/14"}],"replies":[{"embeddable":true,"href":"https:\/\/cartria.com\/es\/wp-json\/wp\/v2\/comments?post=11367"}],"version-history":[{"count":0,"href":"https:\/\/cartria.com\/es\/wp-json\/wp\/v2\/pages\/11367\/revisions"}],"wp:attachment":[{"href":"https:\/\/cartria.com\/es\/wp-json\/wp\/v2\/media?parent=11367"}],"curies":[{"name":"wp","href":"https:\/\/api.w.org\/{rel}","templated":true}]}}