{"id":11631,"date":"2025-07-10T08:15:33","date_gmt":"2025-07-10T14:15:33","guid":{"rendered":"https:\/\/cartria.com\/?page_id=11631"},"modified":"2025-10-30T09:59:32","modified_gmt":"2025-10-30T15:59:32","slug":"precio-es","status":"publish","type":"page","link":"https:\/\/cartria.com\/es\/precio-es\/","title":{"rendered":"Precio Es"},"content":{"rendered":"\t\t<div data-elementor-type=\"wp-page\" data-elementor-id=\"11631\" class=\"elementor elementor-11631\" data-elementor-post-type=\"page\">\n\t\t\t\t<div class=\"elementor-element elementor-element-42b5c80c e-con-full e-flex e-con e-parent\" data-id=\"42b5c80c\" data-element_type=\"container\" data-e-type=\"container\">\n\t\t\t\t<div class=\"elementor-element elementor-element-c285819 elementor-widget__width-inherit elementor-invisible elementor-widget elementor-widget-html\" data-id=\"c285819\" data-element_type=\"widget\" data-e-type=\"widget\" data-settings=\"{&quot;_animation&quot;:&quot;fadeIn&quot;}\" data-widget_type=\"html.default\">\n\t\t\t\t<div class=\"elementor-widget-container\">\n\t\t\t\t\t<style>\r\n  .video-wrapper {\r\n    width: 100%;\r\n    max-width: 100%;\r\n    margin: 0 auto;\r\n    overflow: hidden;\r\n    position: relative;\r\n  }\r\n\r\n  .video-wrapper video {\r\n    width: 100%;\r\n    height: auto;\r\n    display: block;\r\n    object-fit: cover;\r\n  }\r\n\r\n  .benefits-label {\r\n    position: absolute;\r\n    top: 50%;\r\n    left: 60px;\r\n    transform: translateY(-50%);\r\n    color: white;\r\n    font-size: 45px;\r\n    font-weight: bold;\r\n    z-index: 2;\r\n    opacity: 0;\r\n    animation: fadeInText 1.5s ease-out forwards;\r\n    animation-delay: 0.5s;\r\n  }\r\n\r\n  @keyframes fadeInText {\r\n    from {\r\n      opacity: 0;\r\n      transform: translateY(-50%) translateX(-20px);\r\n    }\r\n    to {\r\n      opacity: 1;\r\n      transform: translateY(-50%) translateX(0);\r\n    }\r\n  }\r\n<\/style>\r\n\r\n<!-- Video Background -->\r\n<div class=\"video-wrapper\">\r\n  <div class=\"benefits-label\">Precio<\/div>\r\n  <video autoplay muted loop playsinline>\r\n    <source src=\"https:\/\/cartria.com\/wp-content\/uploads\/2025\/10\/Hero-Spanish-6-11-25-B.mp4\" type=\"video\/mp4\">\r\n    Your browser does not support the video tag. CARTRIA\u2122 AI \u2013 Car Buying Assistant.\r\n  <\/video>\r\n<\/div>\r\n\t\t\t\t<\/div>\n\t\t\t\t<\/div>\n\t\t\t\t<\/div>\n\t\t<div class=\"elementor-element elementor-element-9d6e46f e-flex e-con-boxed e-con e-parent\" data-id=\"9d6e46f\" data-element_type=\"container\" data-e-type=\"container\">\n\t\t\t\t\t<div class=\"e-con-inner\">\n\t\t\t\t<div class=\"elementor-element elementor-element-0f48393 elementor-widget elementor-widget-html\" data-id=\"0f48393\" data-element_type=\"widget\" data-e-type=\"widget\" data-widget_type=\"html.default\">\n\t\t\t\t<div class=\"elementor-widget-container\">\n\t\t\t\t\t<!DOCTYPE html>\r\n<html lang=\"es\">\r\n<head>\r\n  <meta charset=\"UTF-8\" \/>\r\n  <meta name=\"viewport\" content=\"width=device-width, initial-scale=1.0\" \/>\r\n  <title>Cartria\u2122 IA \u2013 Asistencia Completa + 2 Informes por $35.99<\/title>\r\n  <meta name=\"description\" content=\"Obt\u00e9n 3 horas de ayuda en tiempo real para negociar y 2 informes completos del historial del veh\u00edculo con Cartria\u2122 por solo $35.99. La forma m\u00e1s inteligente de comprar autos usados.\" \/>\r\n  <style>\r\n    body {\r\n      margin: 0;\r\n      padding: 0;\r\n      background: url('https:\/\/paleturquoise-mink-699719.hostingersite.com\/wp-content\/uploads\/2025\/06\/Backgroun-Gradient_001-1-scaled.jpg') no-repeat center center fixed;\r\n      background-size: cover;\r\n      font-family: Arial, sans-serif;\r\n    }\r\n\r\n    .cartria-wrapper {\r\n      padding: 60px 20px;\r\n    }\r\n\r\n    .cartria-box {\r\n      max-width: 900px;\r\n      margin: 0 auto 40px;\r\n      background: rgba(57, 1, 112, 0.85);\r\n      padding: 30px 40px;\r\n      border-radius: 12px;\r\n      color: white;\r\n    }\r\n\r\n    .cartria-box * {\r\n      color: white !important;\r\n    }\r\n\r\n    .cartria-features {\r\n      list-style: none;\r\n      padding-left: 0;\r\n      margin: 20px 0;\r\n    }\r\n\r\n    .cartria-features li {\r\n      display: flex;\r\n      align-items: baseline;\r\n      font-size: 35px;\r\n      line-height: 45px;\r\n      margin-bottom: 10px;\r\n    }\r\n\r\n    .cartria-check {\r\n      display: inline-block;\r\n      width: 30px;\r\n      height: 30px;\r\n      background: red;\r\n      border-radius: 50%;\r\n      text-align: center;\r\n      line-height: 30px;\r\n      margin-right: 20px;\r\n      flex-shrink: 0;\r\n    }\r\n\r\n    .cartria-button {\r\n      background: #ff3366;\r\n      padding: 18px 40px;\r\n      font-size: 22px;\r\n      font-weight: bold;\r\n      border: none;\r\n      border-radius: 8px;\r\n      cursor: pointer;\r\n      margin: 10px;\r\n      color: white !important;\r\n      text-decoration: none;\r\n      display: inline-block;\r\n    }\r\n\r\n    .cartria-button:hover {\r\n      background: #e62e5c;\r\n    }\r\n\r\n    .cartria-cta {\r\n      font-size: 35px;\r\n      margin: 30px 0 10px;\r\n      text-align: center;\r\n      font-weight: bold;\r\n    }\r\n\r\n    @media (max-width: 768px) {\r\n      .cartria-features li {\r\n        font-size: 30px;\r\n      }\r\n\r\n      .cartria-button {\r\n        font-size: 18px;\r\n      }\r\n\r\n      .cartria-cta {\r\n        font-size: 30px;\r\n      }\r\n    }\r\n\r\n    @keyframes fadeUp {\r\n      from {\r\n        opacity: 0;\r\n        transform: translateY(30px);\r\n      }\r\n      to {\r\n        opacity: 1;\r\n        transform: translateY(0);\r\n      }\r\n    }\r\n  <\/style>\r\n<\/head>\r\n<body>\r\n\r\n<section class=\"cartria-wrapper\">\r\n\r\n  <div class=\"cartria-box\">\r\n    <div style=\"text-align: center;\">\r\n      <h1 style=\"font-size: 60px; font-weight: bold; line-height: 70px; margin-bottom: 0;\">\r\n        <span>CAR<\/span><span style=\"color: #f71336;\">TRIA\u2122 IA<\/span>\r\n      <\/h1>\r\n      <h2 style=\"font-size: 60px; font-weight: bold; line-height: 70px; margin-top: 0;\">\r\n        Asistencia Completa para Comprar Autos\r\n      <\/h2>\r\n\r\n      <!-- New Launch Offer Block -->\r\n      <div style=\"font-family: sans-serif; max-width: 900px; margin: 40px auto; color: #390170; font-weight: bold; text-align: center;\">\r\n        <div style=\"font-size: 45px; line-height: 56px; margin-top: 20px;\">\r\n          <span style=\"color: #390170;\">OFERTA<\/span> <span style=\"color: #F71336;\">INICIAL<\/span>\r\n        <\/div>\r\n        <div style=\"font-size: 28px; line-height: 36px; margin-top: 20px;\">\r\n          (Un valor de $70)\r\n        <\/div>\r\n        <div style=\"animation: fadeUp 1s ease-out; margin-top: 30px;\">\r\n          <img decoding=\"async\" src=\"https:\/\/paleturquoise-mink-699719.hostingersite.com\/wp-content\/uploads\/2025\/07\/Justo35.99-Trans.png\" alt=\"Justo $35.99 Logo\" style=\"max-width: 180px; height: auto;\" \/>\r\n        <\/div>\r\n      <\/div>\r\n      <!-- End Launch Offer Block -->\r\n\r\n    <\/div>\r\n\r\n    <h2 style=\"font-size: 40px; line-height: 60px; text-align: center;\">\r\n      3 Horas de Ayuda en Vivo con IA<br>\r\n      + 2 Informes Completos del Veh\u00edculo<br>Por Solo $35.99\r\n    <\/h2>\r\n\r\n    <ul class=\"cartria-features\">\r\n      <li><div class=\"cartria-check\">\u2714<\/div><span><strong>3 Horas de Asesor\u00eda CARTRIA\u2122 IA<\/strong> \u2013 Ayuda con la negociaci\u00f3n, intercambio y papeleo<\/span><\/li>\r\n      <li><div class=\"cartria-check\">\u2714<\/div><span><strong>2 Informes Completos del Veh\u00edculo<\/strong> \u2013 Uno para tu auto usado, otro para el auto que deseas<\/span><\/li>\r\n      <li><div class=\"cartria-check\">\u2714<\/div><span><strong>Preguntas y Respuestas al Instante<\/strong> \u2013 Pregunta lo que sea, obt\u00e9n ayuda al instante<\/span><\/li>\r\n      <li><div class=\"cartria-check\">\u2714<\/div><span><strong>Sube Documentos<\/strong> \u2013 Revisi\u00f3n de contratos antes de firmar<\/span><\/li>\r\n      <li><div class=\"cartria-check\">\u2714<\/div><span><strong>Soporte en Ingl\u00e9s y Espa\u00f1ol<\/strong> \u2013 Confianza para cada comprador<\/span><\/li>\r\n    <\/ul>\r\n\r\n    <p class=\"cartria-cta\">Obt\u00e9n CARTRIA\u2122 IA Ahora \u2013 Solo $35.99<\/p>\r\n    <div style=\"text-align: center;\">\r\n      <a href=\"\/purchase\" class=\"cartria-button\"><strong>Comprar Ahora<\/strong><\/a>\r\n    <\/div>\r\n  <\/div>\r\n\r\n  <div class=\"cartria-box\">\r\n    <h2 style=\"text-align: center;\">\u00bfNecesitas M\u00e1s Opciones?<\/h2>\r\n    <ul class=\"cartria-features\">\r\n      <li><div class=\"cartria-check\">\u2714<\/div><span><strong>Compra 3 Horas M\u00e1s de IA \u2013 $9.99<\/strong><\/span><\/li>\r\n      <li><div class=\"cartria-check\">\u2714<\/div><span><strong>Compra 6 Horas M\u00e1s de IA \u2013 $14.99<\/strong><\/span><\/li>\r\n      <li><div class=\"cartria-check\">\u2714<\/div><span><strong>Compra M\u00e1s Informes \u2013 $7.00 Cada Uno<\/strong><\/span><\/li>\r\n    <\/ul>\r\n    <p class=\"cartria-cta\">Selecciona Tus Extras Abajo<\/p>\r\n    <div style=\"text-align: center;\">\r\n      <a href=\"\/add-ons\" class=\"cartria-button\"><strong>Comprar 3 Horas M\u00e1s<\/strong><\/a>\r\n      <a href=\"\/add-ons\" class=\"cartria-button\"><strong>Comprar 6 Horas M\u00e1s<\/strong><\/a>\r\n      <a href=\"\/add-ons\" class=\"cartria-button\"><strong>Comprar M\u00e1s Informes<\/strong><\/a>\r\n    <\/div>\r\n  <\/div>\r\n\r\n<\/section>\r\n\r\n<!-- Optional JSON-LD Structured Data -->\r\n<script type=\"application\/ld+json\">\r\n{\r\n  \"@context\": \"https:\/\/schema.org\/\",\r\n  \"@type\": \"Product\",\r\n  \"name\": \"Asistencia para Compradores de Autos Cartria\u2122 IA\",\r\n  \"image\": \"https:\/\/paleturquoise-mink-699719.hostingersite.com\/wp-content\/uploads\/2025\/07\/Justo35.99-Trans.png\",\r\n  \"description\": \"Obt\u00e9n 3 horas de apoyo para negociar y 2 informes completos del historial del veh\u00edculo por $35.99.\",\r\n  \"brand\": {\r\n    \"@type\": \"Brand\",\r\n    \"name\": \"Cartria\"\r\n  },\r\n  \"offers\": {\r\n    \"@type\": \"Offer\",\r\n    \"url\": \"https:\/\/paleturquoise-mink-699719.hostingersite.com\/purchase\",\r\n    \"priceCurrency\": \"USD\",\r\n    \"price\": \"35.99\",\r\n    \"itemCondition\": \"https:\/\/schema.org\/NewCondition\",\r\n    \"availability\": \"https:\/\/schema.org\/InStock\"\r\n  }\r\n}\r\n<\/script>\r\n\r\n<\/body>\r\n<\/html>\r\n\t\t\t\t<\/div>\n\t\t\t\t<\/div>\n\t\t\t\t\t<\/div>\n\t\t\t\t<\/div>\n\t\t<div class=\"elementor-element elementor-element-12c82fb e-flex e-con-boxed e-con e-parent\" data-id=\"12c82fb\" data-element_type=\"container\" data-e-type=\"container\">\n\t\t\t\t\t<div class=\"e-con-inner\">\n\t\t\t\t<div class=\"elementor-element elementor-element-7a2510b elementor-widget elementor-widget-image\" data-id=\"7a2510b\" data-element_type=\"widget\" data-e-type=\"widget\" data-widget_type=\"image.default\">\n\t\t\t\t<div class=\"elementor-widget-container\">\n\t\t\t\t\t\t\t\t\t\t\t\t\t\t\t<img fetchpriority=\"high\" decoding=\"async\" width=\"1024\" height=\"689\" src=\"https:\/\/cartria.com\/wp-content\/uploads\/2025\/07\/Pricing_001-1024x689.png\" class=\"attachment-large size-large wp-image-10426\" alt=\"pRECIO cARTRIA\" srcset=\"https:\/\/cartria.com\/wp-content\/uploads\/2025\/07\/Pricing_001-1024x689.png 1024w, https:\/\/cartria.com\/wp-content\/uploads\/2025\/07\/Pricing_001-600x404.png 600w, https:\/\/cartria.com\/wp-content\/uploads\/2025\/07\/Pricing_001-300x202.png 300w, https:\/\/cartria.com\/wp-content\/uploads\/2025\/07\/Pricing_001-768x517.png 768w, https:\/\/cartria.com\/wp-content\/uploads\/2025\/07\/Pricing_001-1536x1033.png 1536w, https:\/\/cartria.com\/wp-content\/uploads\/2025\/07\/Pricing_001-2048x1378.png 2048w\" sizes=\"(max-width: 1024px) 100vw, 1024px\" \/>\t\t\t\t\t\t\t\t\t\t\t\t\t\t\t<\/div>\n\t\t\t\t<\/div>\n\t\t\t\t\t<\/div>\n\t\t\t\t<\/div>\n\t\t\t\t<\/div>\n\t\t","protected":false},"excerpt":{"rendered":"<p>Precio Your browser does not support the video tag. CARTRIA\u2122 AI \u2013 Car Buying Assistant. Cartria\u2122 IA \u2013 Asistencia Completa + 2 Informes por $35.99 CARTRIA\u2122 IA Asistencia Completa para Comprar Autos OFERTA INICIAL (Un valor de $70) 3 Horas de Ayuda en Vivo con IA + 2 Informes Completos del Veh\u00edculoPor Solo $35.99 \u27143 [&hellip;]<\/p>\n","protected":false},"author":14,"featured_media":0,"parent":0,"menu_order":0,"comment_status":"closed","ping_status":"closed","template":"elementor_header_footer","meta":{"footnotes":""},"class_list":["post-11631","page","type-page","status-publish","hentry"],"yoast_head":"<!-- This site is optimized with the Yoast SEO plugin v27.4 - https:\/\/yoast.com\/product\/yoast-seo-wordpress\/ -->\n<title>CARTRIA\u2122 AI - $29.99 \u2013 Negociaci\u00f3n en Tiempo Real en Espa\u00f1ol<\/title>\n<meta name=\"description\" content=\"CARTRIA\u2122 AI por $29.99: negociaci\u00f3n en tiempo real, 2 reportes de historial vehicular y soporte en ingl\u00e9s y espa\u00f1ol. Compra con confianza.\" \/>\n<meta name=\"robots\" content=\"index, follow, max-snippet:-1, max-image-preview:large, max-video-preview:-1\" \/>\n<link rel=\"canonical\" href=\"https:\/\/cartria.com\/es\/precio-es\/\" \/>\n<meta property=\"og:locale\" content=\"es_ES\" \/>\n<meta property=\"og:type\" content=\"article\" \/>\n<meta property=\"og:title\" content=\"CARTRIA\u2122 AI - $29.99 \u2013 Negociaci\u00f3n en Tiempo Real en Espa\u00f1ol\" \/>\n<meta property=\"og:description\" content=\"CARTRIA\u2122 AI por $29.99: negociaci\u00f3n en tiempo real, 2 reportes de historial vehicular y soporte en ingl\u00e9s y espa\u00f1ol. Compra con confianza.\" \/>\n<meta property=\"og:url\" content=\"https:\/\/cartria.com\/es\/precio-es\/\" \/>\n<meta property=\"article:modified_time\" content=\"2025-10-30T15:59:32+00:00\" \/>\n<meta property=\"og:image\" content=\"https:\/\/paleturquoise-mink-699719.hostingersite.com\/wp-content\/uploads\/2025\/07\/Justo35.99-Trans.png\" \/>\n<meta name=\"twitter:card\" content=\"summary_large_image\" \/>\n<meta name=\"twitter:label1\" content=\"Tiempo de lectura\" \/>\n\t<meta name=\"twitter:data1\" content=\"3 minutos\" \/>\n<script type=\"application\/ld+json\" class=\"yoast-schema-graph\">{\"@context\":\"https:\\\/\\\/schema.org\",\"@graph\":[{\"@type\":\"WebPage\",\"@id\":\"https:\\\/\\\/cartria.com\\\/es\\\/precio-es\\\/\",\"url\":\"https:\\\/\\\/cartria.com\\\/es\\\/precio-es\\\/\",\"name\":\"CARTRIA\u2122 AI - $29.99 \u2013 Negociaci\u00f3n en Tiempo Real en Espa\u00f1ol\",\"isPartOf\":{\"@id\":\"https:\\\/\\\/cartria.com\\\/#website\"},\"primaryImageOfPage\":{\"@id\":\"https:\\\/\\\/cartria.com\\\/es\\\/precio-es\\\/#primaryimage\"},\"image\":{\"@id\":\"https:\\\/\\\/cartria.com\\\/es\\\/precio-es\\\/#primaryimage\"},\"thumbnailUrl\":\"https:\\\/\\\/paleturquoise-mink-699719.hostingersite.com\\\/wp-content\\\/uploads\\\/2025\\\/07\\\/Justo35.99-Trans.png\",\"datePublished\":\"2025-07-10T14:15:33+00:00\",\"dateModified\":\"2025-10-30T15:59:32+00:00\",\"description\":\"CARTRIA\u2122 AI por $29.99: negociaci\u00f3n en tiempo real, 2 reportes de historial vehicular y soporte en ingl\u00e9s y espa\u00f1ol. Compra con confianza.\",\"breadcrumb\":{\"@id\":\"https:\\\/\\\/cartria.com\\\/es\\\/precio-es\\\/#breadcrumb\"},\"inLanguage\":\"es\",\"potentialAction\":[{\"@type\":\"ReadAction\",\"target\":[\"https:\\\/\\\/cartria.com\\\/es\\\/precio-es\\\/\"]}]},{\"@type\":\"ImageObject\",\"inLanguage\":\"es\",\"@id\":\"https:\\\/\\\/cartria.com\\\/es\\\/precio-es\\\/#primaryimage\",\"url\":\"https:\\\/\\\/paleturquoise-mink-699719.hostingersite.com\\\/wp-content\\\/uploads\\\/2025\\\/07\\\/Justo35.99-Trans.png\",\"contentUrl\":\"https:\\\/\\\/paleturquoise-mink-699719.hostingersite.com\\\/wp-content\\\/uploads\\\/2025\\\/07\\\/Justo35.99-Trans.png\"},{\"@type\":\"BreadcrumbList\",\"@id\":\"https:\\\/\\\/cartria.com\\\/es\\\/precio-es\\\/#breadcrumb\",\"itemListElement\":[{\"@type\":\"ListItem\",\"position\":1,\"name\":\"Home\",\"item\":\"https:\\\/\\\/cartria.com\\\/\"},{\"@type\":\"ListItem\",\"position\":2,\"name\":\"Precio Es\"}]},{\"@type\":\"WebSite\",\"@id\":\"https:\\\/\\\/cartria.com\\\/#website\",\"url\":\"https:\\\/\\\/cartria.com\\\/\",\"name\":\"Cartria\",\"description\":\"\",\"publisher\":{\"@id\":\"https:\\\/\\\/cartria.com\\\/#organization\"},\"potentialAction\":[{\"@type\":\"SearchAction\",\"target\":{\"@type\":\"EntryPoint\",\"urlTemplate\":\"https:\\\/\\\/cartria.com\\\/?s={search_term_string}\"},\"query-input\":{\"@type\":\"PropertyValueSpecification\",\"valueRequired\":true,\"valueName\":\"search_term_string\"}}],\"inLanguage\":\"es\"},{\"@type\":\"Organization\",\"@id\":\"https:\\\/\\\/cartria.com\\\/#organization\",\"name\":\"Cartria\",\"url\":\"https:\\\/\\\/cartria.com\\\/\",\"logo\":{\"@type\":\"ImageObject\",\"inLanguage\":\"es\",\"@id\":\"https:\\\/\\\/cartria.com\\\/#\\\/schema\\\/logo\\\/image\\\/\",\"url\":\"https:\\\/\\\/cartria.com\\\/wp-content\\\/uploads\\\/2026\\\/02\\\/cartria_reg_logo_trans_2.png\",\"contentUrl\":\"https:\\\/\\\/cartria.com\\\/wp-content\\\/uploads\\\/2026\\\/02\\\/cartria_reg_logo_trans_2.png\",\"width\":1024,\"height\":1024,\"caption\":\"Cartria\"},\"image\":{\"@id\":\"https:\\\/\\\/cartria.com\\\/#\\\/schema\\\/logo\\\/image\\\/\"}}]}<\/script>\n<!-- \/ Yoast SEO plugin. -->","yoast_head_json":{"title":"CARTRIA\u2122 AI - $29.99 \u2013 Negociaci\u00f3n en Tiempo Real en Espa\u00f1ol","description":"CARTRIA\u2122 AI por $29.99: negociaci\u00f3n en tiempo real, 2 reportes de historial vehicular y soporte en ingl\u00e9s y espa\u00f1ol. Compra con confianza.","robots":{"index":"index","follow":"follow","max-snippet":"max-snippet:-1","max-image-preview":"max-image-preview:large","max-video-preview":"max-video-preview:-1"},"canonical":"https:\/\/cartria.com\/es\/precio-es\/","og_locale":"es_ES","og_type":"article","og_title":"CARTRIA\u2122 AI - $29.99 \u2013 Negociaci\u00f3n en Tiempo Real en Espa\u00f1ol","og_description":"CARTRIA\u2122 AI por $29.99: negociaci\u00f3n en tiempo real, 2 reportes de historial vehicular y soporte en ingl\u00e9s y espa\u00f1ol. Compra con confianza.","og_url":"https:\/\/cartria.com\/es\/precio-es\/","article_modified_time":"2025-10-30T15:59:32+00:00","og_image":[{"url":"https:\/\/paleturquoise-mink-699719.hostingersite.com\/wp-content\/uploads\/2025\/07\/Justo35.99-Trans.png","type":"","width":"","height":""}],"twitter_card":"summary_large_image","twitter_misc":{"Tiempo de lectura":"3 minutos"},"schema":{"@context":"https:\/\/schema.org","@graph":[{"@type":"WebPage","@id":"https:\/\/cartria.com\/es\/precio-es\/","url":"https:\/\/cartria.com\/es\/precio-es\/","name":"CARTRIA\u2122 AI - $29.99 \u2013 Negociaci\u00f3n en Tiempo Real en Espa\u00f1ol","isPartOf":{"@id":"https:\/\/cartria.com\/#website"},"primaryImageOfPage":{"@id":"https:\/\/cartria.com\/es\/precio-es\/#primaryimage"},"image":{"@id":"https:\/\/cartria.com\/es\/precio-es\/#primaryimage"},"thumbnailUrl":"https:\/\/paleturquoise-mink-699719.hostingersite.com\/wp-content\/uploads\/2025\/07\/Justo35.99-Trans.png","datePublished":"2025-07-10T14:15:33+00:00","dateModified":"2025-10-30T15:59:32+00:00","description":"CARTRIA\u2122 AI por $29.99: negociaci\u00f3n en tiempo real, 2 reportes de historial vehicular y soporte en ingl\u00e9s y espa\u00f1ol. Compra con confianza.","breadcrumb":{"@id":"https:\/\/cartria.com\/es\/precio-es\/#breadcrumb"},"inLanguage":"es","potentialAction":[{"@type":"ReadAction","target":["https:\/\/cartria.com\/es\/precio-es\/"]}]},{"@type":"ImageObject","inLanguage":"es","@id":"https:\/\/cartria.com\/es\/precio-es\/#primaryimage","url":"https:\/\/paleturquoise-mink-699719.hostingersite.com\/wp-content\/uploads\/2025\/07\/Justo35.99-Trans.png","contentUrl":"https:\/\/paleturquoise-mink-699719.hostingersite.com\/wp-content\/uploads\/2025\/07\/Justo35.99-Trans.png"},{"@type":"BreadcrumbList","@id":"https:\/\/cartria.com\/es\/precio-es\/#breadcrumb","itemListElement":[{"@type":"ListItem","position":1,"name":"Home","item":"https:\/\/cartria.com\/"},{"@type":"ListItem","position":2,"name":"Precio Es"}]},{"@type":"WebSite","@id":"https:\/\/cartria.com\/#website","url":"https:\/\/cartria.com\/","name":"Cartria","description":"","publisher":{"@id":"https:\/\/cartria.com\/#organization"},"potentialAction":[{"@type":"SearchAction","target":{"@type":"EntryPoint","urlTemplate":"https:\/\/cartria.com\/?s={search_term_string}"},"query-input":{"@type":"PropertyValueSpecification","valueRequired":true,"valueName":"search_term_string"}}],"inLanguage":"es"},{"@type":"Organization","@id":"https:\/\/cartria.com\/#organization","name":"Cartria","url":"https:\/\/cartria.com\/","logo":{"@type":"ImageObject","inLanguage":"es","@id":"https:\/\/cartria.com\/#\/schema\/logo\/image\/","url":"https:\/\/cartria.com\/wp-content\/uploads\/2026\/02\/cartria_reg_logo_trans_2.png","contentUrl":"https:\/\/cartria.com\/wp-content\/uploads\/2026\/02\/cartria_reg_logo_trans_2.png","width":1024,"height":1024,"caption":"Cartria"},"image":{"@id":"https:\/\/cartria.com\/#\/schema\/logo\/image\/"}}]}},"_links":{"self":[{"href":"https:\/\/cartria.com\/es\/wp-json\/wp\/v2\/pages\/11631","targetHints":{"allow":["GET"]}}],"collection":[{"href":"https:\/\/cartria.com\/es\/wp-json\/wp\/v2\/pages"}],"about":[{"href":"https:\/\/cartria.com\/es\/wp-json\/wp\/v2\/types\/page"}],"author":[{"embeddable":true,"href":"https:\/\/cartria.com\/es\/wp-json\/wp\/v2\/users\/14"}],"replies":[{"embeddable":true,"href":"https:\/\/cartria.com\/es\/wp-json\/wp\/v2\/comments?post=11631"}],"version-history":[{"count":0,"href":"https:\/\/cartria.com\/es\/wp-json\/wp\/v2\/pages\/11631\/revisions"}],"wp:attachment":[{"href":"https:\/\/cartria.com\/es\/wp-json\/wp\/v2\/media?parent=11631"}],"curies":[{"name":"wp","href":"https:\/\/api.w.org\/{rel}","templated":true}]}}