{"id":9275,"date":"2025-02-27T19:54:13","date_gmt":"2025-02-28T01:54:13","guid":{"rendered":"https:\/\/cartria.com\/?page_id=9275"},"modified":"2025-10-30T08:30:04","modified_gmt":"2025-10-30T14:30:04","slug":"beneficios","status":"publish","type":"page","link":"https:\/\/cartria.com\/es\/beneficios\/","title":{"rendered":"Beneficos"},"content":{"rendered":"\t\t<div data-elementor-type=\"wp-page\" data-elementor-id=\"9275\" class=\"elementor elementor-9275 elementor-2099\" data-elementor-post-type=\"page\">\n\t\t\t\t<div class=\"elementor-element elementor-element-58d666d2 e-con-full e-flex e-con e-parent\" data-id=\"58d666d2\" data-element_type=\"container\" data-e-type=\"container\">\n\t\t\t\t<div class=\"elementor-element elementor-element-513afc9d elementor-widget__width-inherit elementor-invisible elementor-widget elementor-widget-html\" data-id=\"513afc9d\" data-element_type=\"widget\" data-e-type=\"widget\" data-settings=\"{&quot;_animation&quot;:&quot;fadeIn&quot;}\" data-widget_type=\"html.default\">\n\t\t\t\t<div class=\"elementor-widget-container\">\n\t\t\t\t\t<style>\r\n  .video-wrapper {\r\n    width: 100%;\r\n    max-width: 100%;\r\n    margin: 0 auto;\r\n    overflow: hidden;\r\n    position: relative;\r\n  }\r\n\r\n  .video-wrapper video {\r\n    width: 100%;\r\n    height: auto;\r\n    display: block;\r\n    object-fit: cover;\r\n  }\r\n\r\n  .benefits-label {\r\n    position: absolute;\r\n    top: 50%;\r\n    left: 60px;\r\n    transform: translateY(-50%);\r\n    color: white;\r\n    font-size: 45px;\r\n    font-weight: bold;\r\n    z-index: 2;\r\n    opacity: 0;\r\n    animation: fadeInText 1.5s ease-out forwards;\r\n    animation-delay: 0.5s;\r\n  }\r\n\r\n  @keyframes fadeInText {\r\n    from {\r\n      opacity: 0;\r\n      transform: translateY(-50%) translateX(-20px);\r\n    }\r\n    to {\r\n      opacity: 1;\r\n      transform: translateY(-50%) translateX(0);\r\n    }\r\n  }\r\n<\/style>\r\n\r\n<!-- Video Background -->\r\n<div class=\"video-wrapper\">\r\n  <div class=\"benefits-label\">Beneficios<\/div>\r\n  <video autoplay muted loop playsinline>\r\n    <source src=\"https:\/\/cartria.com\/wp-content\/uploads\/2025\/10\/Hero-Spanish-6-11-25-B.mp4\" type=\"video\/mp4\">\r\n    Your browser does not support the video tag. CARTRIA\u2122 AI \u2013 Car Buying Assistant.\r\n  <\/video>\r\n<\/div>\r\n\t\t\t\t<\/div>\n\t\t\t\t<\/div>\n\t\t\t\t<\/div>\n\t\t<div class=\"elementor-element elementor-element-2d30f56 e-flex e-con-boxed e-con e-parent\" data-id=\"2d30f56\" data-element_type=\"container\" data-e-type=\"container\">\n\t\t\t\t\t<div class=\"e-con-inner\">\n\t\t\t\t<div class=\"elementor-element elementor-element-61be909 elementor-widget elementor-widget-html\" data-id=\"61be909\" data-element_type=\"widget\" data-e-type=\"widget\" data-widget_type=\"html.default\">\n\t\t\t\t<div class=\"elementor-widget-container\">\n\t\t\t\t\t<section style=\"font-size: 22px; line-height: 35px; color: #000000; max-width: 800px; margin: 0 auto; padding: 40px 20px; position: relative;\" lang=\"es\" aria-label=\"Asistente de Compra de Autos en Tiempo Real\">\r\n\r\n  <!-- Main SEO Headings -->\r\n  <h1 style=\"font-size: 40px; font-weight: bold; color: #390170; text-align: center; margin-bottom: 20px;\">\r\n    <strong><span style=\"color: #390170;\">CAR<\/span><span style=\"color: #F71336;\">TRIA\u2122 IA<\/span><\/strong>\r\n  <\/h1>\r\n  <h2 style=\"font-size: 32px; text-align: center; font-weight: bold; color: #390170; margin-bottom: 40px;\">\r\n    Compra de Autos a Tu Manera\r\n  <\/h2>\r\n\r\n  <!-- Introductory Paragraphs -->\r\n  <p>Comprar un auto no deber\u00eda ser confuso, estresante ni injusto. Por eso creamos \r\n    <strong><span style=\"color: #390170;\">CAR<\/span><span style=\"color: #F71336;\">TRIA\u2122 IA<\/span><\/strong> \u2014 \r\n    el primer asistente de compra de autos en tiempo real dise\u00f1ado para proteger tu bolsillo y ayudarte a tener el control en cada paso.\r\n  <\/p>\r\n\r\n  <p>Ya sea que compres nuevo, usado o hagas un intercambio, \r\n    <strong><span style=\"color: #390170;\">CAR<\/span><span style=\"color: #F71336;\">TRIA\u2122 IA<\/span><\/strong> \r\n    te ofrece respuestas r\u00e1pidas, consejos de negociaci\u00f3n y total claridad \u2014 todo en segundos.\r\n  <\/p>\r\n\r\n  <!-- Feature Highlights -->\r\n  <h3 style=\"margin-top: 40px; font-weight: bold; color: #390170;\">\r\n    \u00bfQu\u00e9 Hace Diferente a <strong><span style=\"color: #390170;\">CAR<\/span><span style=\"color: #F71336;\">TRIA\u2122 IA<\/span><\/strong>?\r\n  <\/h3>\r\n  <ul>\r\n    <li>Te dice exactamente qu\u00e9 decir cuando hablas con un concesionario \u2014 sin adivinanzas<\/li>\r\n    <li>Verifica ofertas al instante para que no te enga\u00f1en<\/li>\r\n    <li>Te muestra tu precio inicial inteligente, precio objetivo y el precio para retirarte<\/li>\r\n    <li>Protege tu intercambio con informaci\u00f3n instant\u00e1nea del VIN y del t\u00edtulo<\/li>\r\n    <li>Habla en ingl\u00e9s o espa\u00f1ol \u2014 t\u00fa eliges<\/li>\r\n  <\/ul>\r\n\r\n  <!-- Benefits -->\r\n  <h3 style=\"margin-top: 40px; font-weight: bold; color: #390170;\">Ahorra Tiempo<\/h3>\r\n  <ul>\r\n    <li>No m\u00e1s b\u00fasquedas interminables en Google ni foros confusos<\/li>\r\n    <li>Obt\u00e9n respuestas claras en el momento que las necesitas<\/li>\r\n    <li>Conc\u00e9ntrate solo en lo que importa \u2014 tu trato<\/li>\r\n  <\/ul>\r\n\r\n  <h3 style=\"margin-top: 40px; font-weight: bold; color: #390170;\">Reduce el Estr\u00e9s<\/h3>\r\n  <ul>\r\n    <li>Siempre sabr\u00e1s qu\u00e9 decir \u2014 y qu\u00e9 no decir<\/li>\r\n    <li>Obt\u00e9n ayuda en tiempo real durante la negociaci\u00f3n<\/li>\r\n    <li>Si\u00e9ntete seguro, incluso si es tu primera vez<\/li>\r\n  <\/ul>\r\n\r\n  <h3 style=\"margin-top: 40px; font-weight: bold; color: #390170;\">Ahorra Dinero<\/h3>\r\n  <ul>\r\n    <li>Conoce los n\u00fameros reales antes de negociar<\/li>\r\n    <li>Evita pagar de m\u00e1s o caer en ofertas enga\u00f1osas<\/li>\r\n    <li>Usa datos reales para tomar decisiones m\u00e1s inteligentes al comprar<\/li>\r\n    <li>Sube tus documentos \u2013 <strong><span style=\"color: #390170;\">CAR<\/span><span style=\"color: #F71336;\">TRIA\u2122 IA<\/span><\/strong> escanea la letra peque\u00f1a para protegerte de errores costosos<\/li>\r\n  <\/ul>\r\n\r\n  <!-- What's Included -->\r\n  <h3 style=\"margin-top: 40px; font-weight: bold; color: #390170;\">\u00bfQu\u00e9 Est\u00e1 Incluido?<\/h3>\r\n  <ul>\r\n    <li>14 d\u00edas o 16 horas de asistencia en tiempo real con IA<\/li>\r\n    <li>Incluye dos informes completos del historial del veh\u00edculo<\/li>\r\n    <li>Soporte biling\u00fce \u2014 ingl\u00e9s y espa\u00f1ol<\/li>\r\n    <li>Ayuda con IA desde la primera cotizaci\u00f3n hasta la oferta final \u2013 Solo di <strong><span style=\"color: #390170;\">CAR<\/span><span style=\"color: #F71336;\">TRIA\u2122 IA<\/span><\/strong>: \"Tengo una pregunta\"<\/li>\r\n  <\/ul>\r\n\r\n  <!-- Emotional Close -->\r\n  <h3 style=\"margin-top: 40px; font-weight: bold; color: #390170;\">Compra con Inteligencia. Nunca Est\u00e1s Solo.<\/h3>\r\n  <p>La mayor\u00eda de los compradores pagan de m\u00e1s o se van confundidos. Con \r\n    <strong><span style=\"color: #390170;\">CAR<\/span><span style=\"color: #F71336;\">TRIA\u2122 IA<\/span><\/strong>, ese no ser\u00e1s t\u00fa.\r\n  <\/p>\r\n\r\n  <p>\r\n    <strong><span style=\"color: #390170;\">CAR<\/span><span style=\"color: #F71336;\">TRIA\u2122 IA<\/span><\/strong> es tu experto, tu voz y tu gu\u00eda. Porque cuando compras con inteligencia \u2014 \r\n    <strong><span style=\"color: #F71336;\">t\u00fa ganas.<\/span><\/strong>\r\n  <\/p>\r\n\r\n  <!-- Footer Line -->\r\n  <footer style=\"font-size: 35px; font-weight: bold; color: #390170; text-align: center; margin-top: 60px; white-space: nowrap;\">\r\n    <strong><span style=\"color: #390170;\">CAR<\/span><span style=\"color: #F71336;\">TRIA\u2122 IA<\/span><\/strong> \u2013 Tu Amigo en el Negocio de los Autos\r\n  <\/footer>\r\n\r\n<\/section>\r\n\t\t\t\t<\/div>\n\t\t\t\t<\/div>\n\t\t\t\t\t<\/div>\n\t\t\t\t<\/div>\n\t\t<div class=\"elementor-element elementor-element-1d6a6d0 e-flex e-con-boxed e-con e-parent\" data-id=\"1d6a6d0\" data-element_type=\"container\" data-e-type=\"container\">\n\t\t\t\t\t<div class=\"e-con-inner\">\n\t\t\t\t<div class=\"elementor-element elementor-element-acdbaff elementor-widget elementor-widget-image\" data-id=\"acdbaff\" data-element_type=\"widget\" data-e-type=\"widget\" data-widget_type=\"image.default\">\n\t\t\t\t<div class=\"elementor-widget-container\">\n\t\t\t\t\t\t\t\t\t\t\t\t\t\t\t<img decoding=\"async\" src=\"https:\/\/paleturquoise-mink-699719.hostingersite.com\/wp-content\/uploads\/2025\/06\/ChatGPT-Image-Jun-30-2025-07_37_08-PM.png\" title=\"\" alt=\"\" loading=\"lazy\" \/>\t\t\t\t\t\t\t\t\t\t\t\t\t\t\t<\/div>\n\t\t\t\t<\/div>\n\t\t\t\t\t<\/div>\n\t\t\t\t<\/div>\n\t\t<div class=\"elementor-element elementor-element-9103450 e-flex e-con-boxed e-con e-parent\" data-id=\"9103450\" data-element_type=\"container\" data-e-type=\"container\">\n\t\t\t\t\t<div class=\"e-con-inner\">\n\t\t\t\t<div class=\"elementor-element elementor-element-79717d0 elementor-widget elementor-widget-image\" data-id=\"79717d0\" data-element_type=\"widget\" data-e-type=\"widget\" data-widget_type=\"image.default\">\n\t\t\t\t<div class=\"elementor-widget-container\">\n\t\t\t\t\t\t\t\t\t\t\t\t\t\t\t<img fetchpriority=\"high\" decoding=\"async\" width=\"1024\" height=\"682\" src=\"https:\/\/cartria.com\/wp-content\/uploads\/2025\/07\/bENEFICIOS-7-3-25_001-1024x682.png\" class=\"attachment-large size-large wp-image-10430\" alt=\"beNEFICIOS cARTRIA ia\" srcset=\"https:\/\/cartria.com\/wp-content\/uploads\/2025\/07\/bENEFICIOS-7-3-25_001-1024x682.png 1024w, https:\/\/cartria.com\/wp-content\/uploads\/2025\/07\/bENEFICIOS-7-3-25_001-600x399.png 600w, https:\/\/cartria.com\/wp-content\/uploads\/2025\/07\/bENEFICIOS-7-3-25_001-300x200.png 300w, https:\/\/cartria.com\/wp-content\/uploads\/2025\/07\/bENEFICIOS-7-3-25_001-768x511.png 768w, https:\/\/cartria.com\/wp-content\/uploads\/2025\/07\/bENEFICIOS-7-3-25_001-1536x1022.png 1536w, https:\/\/cartria.com\/wp-content\/uploads\/2025\/07\/bENEFICIOS-7-3-25_001-2048x1363.png 2048w\" sizes=\"(max-width: 1024px) 100vw, 1024px\" \/>\t\t\t\t\t\t\t\t\t\t\t\t\t\t\t<\/div>\n\t\t\t\t<\/div>\n\t\t\t\t\t<\/div>\n\t\t\t\t<\/div>\n\t\t<div class=\"elementor-element elementor-element-a091fee e-flex e-con-boxed e-con e-parent\" data-id=\"a091fee\" data-element_type=\"container\" data-e-type=\"container\">\n\t\t\t\t\t<div class=\"e-con-inner\">\n\t\t\t\t<div class=\"elementor-element elementor-element-6c326b8 elementor-widget elementor-widget-html\" data-id=\"6c326b8\" data-element_type=\"widget\" data-e-type=\"widget\" data-widget_type=\"html.default\">\n\t\t\t\t<div class=\"elementor-widget-container\">\n\t\t\t\t\t<style>\r\n  .scroll-up {\r\n    opacity: 0;\r\n    transform: translateY(50px);\r\n    transition: opacity 1s ease, transform 1s ease;\r\n  }\r\n\r\n  .scroll-up.active {\r\n    opacity: 1;\r\n    transform: translateY(0);\r\n  }\r\n\r\n  .cross-price {\r\n    position: relative;\r\n    display: inline-block;\r\n    font-size: 48px;\r\n    font-weight: bold;\r\n    color: #f71336;\r\n    line-height: 55px;\r\n  }\r\n\r\n  .cross-price::before,\r\n  .cross-price::after {\r\n    content: '';\r\n    position: absolute;\r\n    width: 100%;\r\n    height: 4px;\r\n    background-color: #f71336;\r\n    top: 50%;\r\n    left: 0;\r\n  }\r\n\r\n  .cross-price::before {\r\n    transform: rotate(45deg);\r\n  }\r\n\r\n  .cross-price::after {\r\n    transform: rotate(-45deg);\r\n  }\r\n<\/style>\r\n\r\n<div style=\"text-align: center; font-family: sans-serif; line-height: 55px; font-weight: bold;\">\r\n\r\n  <!-- L\u00ednea 1: OFERTA INICIAL (sin dos puntos) -->\r\n  <div class=\"scroll-up\" style=\"font-size: 45px;\">\r\n    <span style=\"color: #390170;\">OFERTA<\/span>\r\n    <span style=\"color: #f71336;\">INICIAL<\/span>\r\n  <\/div>\r\n\r\n  <!-- L\u00ednea 2: CARTRIA\u2122 AI con colores -->\r\n  <div class=\"scroll-up\" style=\"font-size: 45px; margin-top: 10px;\">\r\n    <span style=\"color: #390170;\">CAR<\/span><span style=\"color: #f71336;\">TRIA\u2122 AI<\/span>\r\n  <\/div>\r\n\r\n  <!-- L\u00ednea 3: (Valor de $70) -->\r\n  <div class=\"scroll-up\" style=\"font-size: 40px; color: #000; margin-top: 10px;\">\r\n    (Valor de $70)\r\n  <\/div>\r\n\r\n  <!-- Imagen del precio -->\r\n  <div style=\"margin-top: 25px;\">\r\n    <img decoding=\"async\" class=\"scroll-up\" src=\"https:\/\/paleturquoise-mink-699719.hostingersite.com\/wp-content\/uploads\/2025\/07\/Justo35.99-Trans.png\" style=\"width: 15%; height: auto;\" alt=\"Justo $35.99\">\r\n  <\/div>\r\n<\/div>\r\n\r\n<script>\r\n  \/\/ Animaci\u00f3n de aparici\u00f3n al hacer scroll\r\n  window.addEventListener('scroll', function () {\r\n    document.querySelectorAll('.scroll-up').forEach(function (el) {\r\n      const rect = el.getBoundingClientRect();\r\n      if (rect.top < window.innerHeight - 100) {\r\n        el.classList.add('active');\r\n      }\r\n    });\r\n  });\r\n<\/script>\r\n\t\t\t\t<\/div>\n\t\t\t\t<\/div>\n\t\t\t\t\t<\/div>\n\t\t\t\t<\/div>\n\t\t<div class=\"elementor-element elementor-element-3d30788d e-flex e-con-boxed e-con e-parent\" data-id=\"3d30788d\" data-element_type=\"container\" data-e-type=\"container\">\n\t\t\t\t\t<div class=\"e-con-inner\">\n\t\t\t\t<div class=\"elementor-element elementor-element-394e0c10 elementor-align-center elementor-widget elementor-widget-button\" data-id=\"394e0c10\" data-element_type=\"widget\" data-e-type=\"widget\" data-widget_type=\"button.default\">\n\t\t\t\t<div class=\"elementor-widget-container\">\n\t\t\t\t\t\t\t\t\t<div class=\"elementor-button-wrapper\">\n\t\t\t\t\t<a class=\"elementor-button elementor-button-link elementor-size-sm\" href=\"#\">\n\t\t\t\t\t\t<span class=\"elementor-button-content-wrapper\">\n\t\t\t\t\t\t\t\t\t<span class=\"elementor-button-text\">Consigue CARTRIA\u2122AI Ahora<\/span>\n\t\t\t\t\t<\/span>\n\t\t\t\t\t<\/a>\n\t\t\t\t<\/div>\n\t\t\t\t\t\t\t\t<\/div>\n\t\t\t\t<\/div>\n\t\t\t\t\t<\/div>\n\t\t\t\t<\/div>\n\t\t<div class=\"elementor-element elementor-element-143b15c e-flex e-con-boxed e-con e-parent\" data-id=\"143b15c\" data-element_type=\"container\" data-e-type=\"container\">\n\t\t\t\t\t<div class=\"e-con-inner\">\n\t\t\t\t<div class=\"elementor-element elementor-element-0796365 elementor-widget elementor-widget-html\" data-id=\"0796365\" data-element_type=\"widget\" data-e-type=\"widget\" data-widget_type=\"html.default\">\n\t\t\t\t<div class=\"elementor-widget-container\">\n\t\t\t\t\t<div style=\"text-align: center; font-family: sans-serif; font-size: 45px; font-weight: bold; line-height: 60px;\">\r\n  <span style=\"color: #390170;\">CAR<\/span><span style=\"color: #F71336;\">TRIA\u2122 AI<\/span><br>\r\n  <span style=\"color: #390170;\">Tu Amigo En<\/span> <span style=\"color: #F71336;\">El Mundo Automotor<\/span>\r\n<\/div>\r\n\t\t\t\t<\/div>\n\t\t\t\t<\/div>\n\t\t\t\t\t<\/div>\n\t\t\t\t<\/div>\n\t\t\t\t<\/div>\n\t\t","protected":false},"excerpt":{"rendered":"<p>Beneficios Your browser does not support the video tag. CARTRIA\u2122 AI \u2013 Car Buying Assistant. CARTRIA\u2122 IA Compra de Autos a Tu Manera Comprar un auto no deber\u00eda ser confuso, estresante ni injusto. Por eso creamos CARTRIA\u2122 IA \u2014 el primer asistente de compra de autos en tiempo real dise\u00f1ado para proteger tu bolsillo y [&hellip;]<\/p>\n","protected":false},"author":14,"featured_media":0,"parent":0,"menu_order":0,"comment_status":"closed","ping_status":"closed","template":"","meta":{"footnotes":""},"class_list":["post-9275","page","type-page","status-publish","hentry"],"yoast_head":"<!-- This site is optimized with the Yoast SEO plugin v27.4 - https:\/\/yoast.com\/product\/yoast-seo-wordpress\/ -->\n<title>Por Qu\u00e9 CARTRIA\u2122 \u2013 Beneficios del Asistente de Autos IA<\/title>\n<meta name=\"description\" content=\"Compra con inteligencia. CARTRIA\u2122 te da ayuda IA, respuestas al instante, reportes completos y gu\u00eda de precios para tomar decisiones seguras.\" \/>\n<meta name=\"robots\" content=\"index, follow, max-snippet:-1, max-image-preview:large, max-video-preview:-1\" \/>\n<link rel=\"canonical\" href=\"https:\/\/cartria.com\/es\/beneficios\/\" \/>\n<meta property=\"og:locale\" content=\"es_ES\" \/>\n<meta property=\"og:type\" content=\"article\" \/>\n<meta property=\"og:title\" content=\"Por Qu\u00e9 CARTRIA\u2122 \u2013 Beneficios del Asistente de Autos IA\" \/>\n<meta property=\"og:description\" content=\"Compra con inteligencia. CARTRIA\u2122 te da ayuda IA, respuestas al instante, reportes completos y gu\u00eda de precios para tomar decisiones seguras.\" \/>\n<meta property=\"og:url\" content=\"https:\/\/cartria.com\/es\/beneficios\/\" \/>\n<meta property=\"article:modified_time\" content=\"2025-10-30T14:30:04+00:00\" \/>\n<meta property=\"og:image\" content=\"https:\/\/paleturquoise-mink-699719.hostingersite.com\/wp-content\/uploads\/2025\/06\/ChatGPT-Image-Jun-30-2025-07_37_08-PM.png\" \/>\n<meta name=\"twitter:card\" content=\"summary_large_image\" \/>\n<meta name=\"twitter:label1\" content=\"Tiempo de lectura\" \/>\n\t<meta name=\"twitter:data1\" content=\"3 minutos\" \/>\n<script type=\"application\/ld+json\" class=\"yoast-schema-graph\">{\"@context\":\"https:\\\/\\\/schema.org\",\"@graph\":[{\"@type\":\"WebPage\",\"@id\":\"https:\\\/\\\/cartria.com\\\/es\\\/beneficios\\\/\",\"url\":\"https:\\\/\\\/cartria.com\\\/es\\\/beneficios\\\/\",\"name\":\"Por Qu\u00e9 CARTRIA\u2122 \u2013 Beneficios del Asistente de Autos IA\",\"isPartOf\":{\"@id\":\"https:\\\/\\\/cartria.com\\\/#website\"},\"primaryImageOfPage\":{\"@id\":\"https:\\\/\\\/cartria.com\\\/es\\\/beneficios\\\/#primaryimage\"},\"image\":{\"@id\":\"https:\\\/\\\/cartria.com\\\/es\\\/beneficios\\\/#primaryimage\"},\"thumbnailUrl\":\"https:\\\/\\\/paleturquoise-mink-699719.hostingersite.com\\\/wp-content\\\/uploads\\\/2025\\\/06\\\/ChatGPT-Image-Jun-30-2025-07_37_08-PM.png\",\"datePublished\":\"2025-02-28T01:54:13+00:00\",\"dateModified\":\"2025-10-30T14:30:04+00:00\",\"description\":\"Compra con inteligencia. CARTRIA\u2122 te da ayuda IA, respuestas al instante, reportes completos y gu\u00eda de precios para tomar decisiones seguras.\",\"breadcrumb\":{\"@id\":\"https:\\\/\\\/cartria.com\\\/es\\\/beneficios\\\/#breadcrumb\"},\"inLanguage\":\"es\",\"potentialAction\":[{\"@type\":\"ReadAction\",\"target\":[\"https:\\\/\\\/cartria.com\\\/es\\\/beneficios\\\/\"]}]},{\"@type\":\"ImageObject\",\"inLanguage\":\"es\",\"@id\":\"https:\\\/\\\/cartria.com\\\/es\\\/beneficios\\\/#primaryimage\",\"url\":\"https:\\\/\\\/paleturquoise-mink-699719.hostingersite.com\\\/wp-content\\\/uploads\\\/2025\\\/06\\\/ChatGPT-Image-Jun-30-2025-07_37_08-PM.png\",\"contentUrl\":\"https:\\\/\\\/paleturquoise-mink-699719.hostingersite.com\\\/wp-content\\\/uploads\\\/2025\\\/06\\\/ChatGPT-Image-Jun-30-2025-07_37_08-PM.png\"},{\"@type\":\"BreadcrumbList\",\"@id\":\"https:\\\/\\\/cartria.com\\\/es\\\/beneficios\\\/#breadcrumb\",\"itemListElement\":[{\"@type\":\"ListItem\",\"position\":1,\"name\":\"Home\",\"item\":\"https:\\\/\\\/cartria.com\\\/\"},{\"@type\":\"ListItem\",\"position\":2,\"name\":\"Beneficos\"}]},{\"@type\":\"WebSite\",\"@id\":\"https:\\\/\\\/cartria.com\\\/#website\",\"url\":\"https:\\\/\\\/cartria.com\\\/\",\"name\":\"Cartria\",\"description\":\"\",\"publisher\":{\"@id\":\"https:\\\/\\\/cartria.com\\\/#organization\"},\"potentialAction\":[{\"@type\":\"SearchAction\",\"target\":{\"@type\":\"EntryPoint\",\"urlTemplate\":\"https:\\\/\\\/cartria.com\\\/?s={search_term_string}\"},\"query-input\":{\"@type\":\"PropertyValueSpecification\",\"valueRequired\":true,\"valueName\":\"search_term_string\"}}],\"inLanguage\":\"es\"},{\"@type\":\"Organization\",\"@id\":\"https:\\\/\\\/cartria.com\\\/#organization\",\"name\":\"Cartria\",\"url\":\"https:\\\/\\\/cartria.com\\\/\",\"logo\":{\"@type\":\"ImageObject\",\"inLanguage\":\"es\",\"@id\":\"https:\\\/\\\/cartria.com\\\/#\\\/schema\\\/logo\\\/image\\\/\",\"url\":\"https:\\\/\\\/cartria.com\\\/wp-content\\\/uploads\\\/2026\\\/02\\\/cartria_reg_logo_trans_2.png\",\"contentUrl\":\"https:\\\/\\\/cartria.com\\\/wp-content\\\/uploads\\\/2026\\\/02\\\/cartria_reg_logo_trans_2.png\",\"width\":1024,\"height\":1024,\"caption\":\"Cartria\"},\"image\":{\"@id\":\"https:\\\/\\\/cartria.com\\\/#\\\/schema\\\/logo\\\/image\\\/\"}}]}<\/script>\n<!-- \/ Yoast SEO plugin. -->","yoast_head_json":{"title":"Por Qu\u00e9 CARTRIA\u2122 \u2013 Beneficios del Asistente de Autos IA","description":"Compra con inteligencia. CARTRIA\u2122 te da ayuda IA, respuestas al instante, reportes completos y gu\u00eda de precios para tomar decisiones seguras.","robots":{"index":"index","follow":"follow","max-snippet":"max-snippet:-1","max-image-preview":"max-image-preview:large","max-video-preview":"max-video-preview:-1"},"canonical":"https:\/\/cartria.com\/es\/beneficios\/","og_locale":"es_ES","og_type":"article","og_title":"Por Qu\u00e9 CARTRIA\u2122 \u2013 Beneficios del Asistente de Autos IA","og_description":"Compra con inteligencia. CARTRIA\u2122 te da ayuda IA, respuestas al instante, reportes completos y gu\u00eda de precios para tomar decisiones seguras.","og_url":"https:\/\/cartria.com\/es\/beneficios\/","article_modified_time":"2025-10-30T14:30:04+00:00","og_image":[{"url":"https:\/\/paleturquoise-mink-699719.hostingersite.com\/wp-content\/uploads\/2025\/06\/ChatGPT-Image-Jun-30-2025-07_37_08-PM.png","type":"","width":"","height":""}],"twitter_card":"summary_large_image","twitter_misc":{"Tiempo de lectura":"3 minutos"},"schema":{"@context":"https:\/\/schema.org","@graph":[{"@type":"WebPage","@id":"https:\/\/cartria.com\/es\/beneficios\/","url":"https:\/\/cartria.com\/es\/beneficios\/","name":"Por Qu\u00e9 CARTRIA\u2122 \u2013 Beneficios del Asistente de Autos IA","isPartOf":{"@id":"https:\/\/cartria.com\/#website"},"primaryImageOfPage":{"@id":"https:\/\/cartria.com\/es\/beneficios\/#primaryimage"},"image":{"@id":"https:\/\/cartria.com\/es\/beneficios\/#primaryimage"},"thumbnailUrl":"https:\/\/paleturquoise-mink-699719.hostingersite.com\/wp-content\/uploads\/2025\/06\/ChatGPT-Image-Jun-30-2025-07_37_08-PM.png","datePublished":"2025-02-28T01:54:13+00:00","dateModified":"2025-10-30T14:30:04+00:00","description":"Compra con inteligencia. CARTRIA\u2122 te da ayuda IA, respuestas al instante, reportes completos y gu\u00eda de precios para tomar decisiones seguras.","breadcrumb":{"@id":"https:\/\/cartria.com\/es\/beneficios\/#breadcrumb"},"inLanguage":"es","potentialAction":[{"@type":"ReadAction","target":["https:\/\/cartria.com\/es\/beneficios\/"]}]},{"@type":"ImageObject","inLanguage":"es","@id":"https:\/\/cartria.com\/es\/beneficios\/#primaryimage","url":"https:\/\/paleturquoise-mink-699719.hostingersite.com\/wp-content\/uploads\/2025\/06\/ChatGPT-Image-Jun-30-2025-07_37_08-PM.png","contentUrl":"https:\/\/paleturquoise-mink-699719.hostingersite.com\/wp-content\/uploads\/2025\/06\/ChatGPT-Image-Jun-30-2025-07_37_08-PM.png"},{"@type":"BreadcrumbList","@id":"https:\/\/cartria.com\/es\/beneficios\/#breadcrumb","itemListElement":[{"@type":"ListItem","position":1,"name":"Home","item":"https:\/\/cartria.com\/"},{"@type":"ListItem","position":2,"name":"Beneficos"}]},{"@type":"WebSite","@id":"https:\/\/cartria.com\/#website","url":"https:\/\/cartria.com\/","name":"Cartria","description":"","publisher":{"@id":"https:\/\/cartria.com\/#organization"},"potentialAction":[{"@type":"SearchAction","target":{"@type":"EntryPoint","urlTemplate":"https:\/\/cartria.com\/?s={search_term_string}"},"query-input":{"@type":"PropertyValueSpecification","valueRequired":true,"valueName":"search_term_string"}}],"inLanguage":"es"},{"@type":"Organization","@id":"https:\/\/cartria.com\/#organization","name":"Cartria","url":"https:\/\/cartria.com\/","logo":{"@type":"ImageObject","inLanguage":"es","@id":"https:\/\/cartria.com\/#\/schema\/logo\/image\/","url":"https:\/\/cartria.com\/wp-content\/uploads\/2026\/02\/cartria_reg_logo_trans_2.png","contentUrl":"https:\/\/cartria.com\/wp-content\/uploads\/2026\/02\/cartria_reg_logo_trans_2.png","width":1024,"height":1024,"caption":"Cartria"},"image":{"@id":"https:\/\/cartria.com\/#\/schema\/logo\/image\/"}}]}},"_links":{"self":[{"href":"https:\/\/cartria.com\/es\/wp-json\/wp\/v2\/pages\/9275","targetHints":{"allow":["GET"]}}],"collection":[{"href":"https:\/\/cartria.com\/es\/wp-json\/wp\/v2\/pages"}],"about":[{"href":"https:\/\/cartria.com\/es\/wp-json\/wp\/v2\/types\/page"}],"author":[{"embeddable":true,"href":"https:\/\/cartria.com\/es\/wp-json\/wp\/v2\/users\/14"}],"replies":[{"embeddable":true,"href":"https:\/\/cartria.com\/es\/wp-json\/wp\/v2\/comments?post=9275"}],"version-history":[{"count":0,"href":"https:\/\/cartria.com\/es\/wp-json\/wp\/v2\/pages\/9275\/revisions"}],"wp:attachment":[{"href":"https:\/\/cartria.com\/es\/wp-json\/wp\/v2\/media?parent=9275"}],"curies":[{"name":"wp","href":"https:\/\/api.w.org\/{rel}","templated":true}]}}