{"id":9962,"date":"2025-06-30T12:32:27","date_gmt":"2025-06-30T18:32:27","guid":{"rendered":"https:\/\/cartria.com\/?page_id=9962"},"modified":"2025-10-30T09:56:56","modified_gmt":"2025-10-30T15:56:56","slug":"sobre","status":"publish","type":"page","link":"https:\/\/cartria.com\/es\/sobre\/","title":{"rendered":"Sobre"},"content":{"rendered":"\t\t<div data-elementor-type=\"wp-page\" data-elementor-id=\"9962\" class=\"elementor elementor-9962 elementor-9269\" data-elementor-post-type=\"page\">\n\t\t\t\t<div class=\"elementor-element elementor-element-55af4ef1 e-con-full e-flex e-con e-parent\" data-id=\"55af4ef1\" data-element_type=\"container\" data-e-type=\"container\">\n\t\t\t\t<div class=\"elementor-element elementor-element-1939c31a elementor-widget__width-inherit elementor-invisible elementor-widget elementor-widget-html\" data-id=\"1939c31a\" data-element_type=\"widget\" data-e-type=\"widget\" data-settings=\"{&quot;_animation&quot;:&quot;fadeIn&quot;}\" data-widget_type=\"html.default\">\n\t\t\t\t<div class=\"elementor-widget-container\">\n\t\t\t\t\t<style>\r\n  .video-wrapper {\r\n    width: 100%;\r\n    max-width: 100%;\r\n    margin: 0 auto;\r\n    overflow: hidden;\r\n    position: relative;\r\n  }\r\n\r\n  .video-wrapper video {\r\n    width: 100%;\r\n    height: auto;\r\n    display: block;\r\n    object-fit: cover;\r\n  }\r\n\r\n  .benefits-label {\r\n    position: absolute;\r\n    top: 50%;\r\n    left: 60px;\r\n    transform: translateY(-50%);\r\n    color: white;\r\n    font-size: 45px;\r\n    font-weight: bold;\r\n    z-index: 2;\r\n    opacity: 0;\r\n    animation: fadeInText 1.5s ease-out forwards;\r\n    animation-delay: 0.5s;\r\n  }\r\n\r\n  @keyframes fadeInText {\r\n    from {\r\n      opacity: 0;\r\n      transform: translateY(-50%) translateX(-20px);\r\n    }\r\n    to {\r\n      opacity: 1;\r\n      transform: translateY(-50%) translateX(0);\r\n    }\r\n  }\r\n<\/style>\r\n\r\n<!-- Video Background -->\r\n<div class=\"video-wrapper\">\r\n  <div class=\"benefits-label\">Sobre<\/div>\r\n  <video autoplay muted loop playsinline>\r\n    <source src=\"https:\/\/cartria.com\/wp-content\/uploads\/2025\/10\/Hero-Spanish-6-11-25-B.mp4\" type=\"video\/mp4\">\r\n    Your browser does not support the video tag. CARTRIA\u2122 AI \u2013 Car Buying Assistant.\r\n  <\/video>\r\n<\/div>\r\n\t\t\t\t<\/div>\n\t\t\t\t<\/div>\n\t\t\t\t<\/div>\n\t\t<div class=\"elementor-element elementor-element-f6232fa e-flex e-con-boxed e-con e-parent\" data-id=\"f6232fa\" data-element_type=\"container\" data-e-type=\"container\">\n\t\t\t\t\t<div class=\"e-con-inner\">\n\t\t\t\t<div class=\"elementor-element elementor-element-6702465 elementor-widget elementor-widget-html\" data-id=\"6702465\" data-element_type=\"widget\" data-e-type=\"widget\" data-widget_type=\"html.default\">\n\t\t\t\t<div class=\"elementor-widget-container\">\n\t\t\t\t\t<section style=\"max-width: 800px; margin: 40px auto; font-family: 'Segoe UI', sans-serif; color: #000000;\" lang=\"es\" aria-label=\"Acerca de CARTRIA IA\">\r\n\r\n  <!-- About Section -->\r\n  <header style=\"margin-bottom: 40px;\">\r\n    <h1 style=\"font-size: 45px; font-weight: bold; line-height: 1.2; margin-bottom: 20px; color: #390170;\">\r\n      Acerca de <strong><span style=\"color: #390170;\">CAR<\/span><span style=\"color: #F71336;\">TRIA\u2122 IA<\/span><\/strong>\r\n    <\/h1>\r\n    <p style=\"font-size: 22px; line-height: 1.7;\">\r\n      En <strong><span style=\"color: #390170;\">CAR<\/span><span style=\"color: #F71336;\">TRIA\u2122 IA<\/span><\/strong>, creemos que cada comprador de autos merece un verdadero amigo: alguien que est\u00e9 de su lado para asegurarse de que nunca se aprovechen de \u00e9l. Por eso creamos <strong><span style=\"color: #390170;\">CAR<\/span><span style=\"color: #F71336;\">TRIA\u2122 IA<\/span><\/strong>, un asistente experto en la compra de autos que responde en tiempo real y te ayuda a hacer las preguntas correctas, entender tus opciones y evitar errores costosos.\r\n    <\/p>\r\n    <p style=\"font-size: 22px; line-height: 1.7;\">\r\n      Ya sea que compres tu primer auto o el quinto, a un concesionario o a un vendedor particular, <strong><span style=\"color: #390170;\">CAR<\/span><span style=\"color: #F71336;\">TRIA\u2122 IA<\/span><\/strong> te brinda orientaci\u00f3n personalizada, simplifica los n\u00fameros confusos y protege tus intereses de principio a fin.\r\n    <\/p>\r\n  <\/header>\r\n\r\n  <!-- Mission Section -->\r\n  <section style=\"margin-bottom: 40px;\" aria-label=\"Nuestra Misi\u00f3n\">\r\n    <h2 style=\"font-size: 30px; font-weight: bold; color: #390170;\">Nuestra Misi\u00f3n<\/h2>\r\n    <p style=\"font-size: 22px; line-height: 1.7;\">\r\n      Nivelamos el terreno de juego cerrando las brechas de conocimiento y de idioma. Cada comprador merece la mejor oferta.\r\n    <\/p>\r\n    <p style=\"font-size: 22px; line-height: 1.7;\">\r\n      <strong><span style=\"color: #390170;\">CAR<\/span><span style=\"color: #F71336;\">TRIA\u2122 IA<\/span><\/strong> est\u00e1 disponible en ingl\u00e9s y espa\u00f1ol para hacer que la compra de autos sea m\u00e1s f\u00e1cil, accesible e informada para todos.\r\n    <\/p>\r\n  <\/section>\r\n\r\n  <!-- Voice Interaction Block -->\r\n  <section style=\"background-color: #f5f5f5; border-left: 6px solid #F71336; padding: 30px; margin-bottom: 40px;\" aria-label=\"Interacci\u00f3n con Voz\">\r\n    <p style=\"font-size: 35px; font-weight: bold; line-height: 45px; margin: 0;\">\r\n      <strong><span style=\"color: #390170;\">CAR<\/span><span style=\"color: #F71336;\">TRIA\u2122 IA<\/span><\/strong> habla contigo.\r\n    <\/p>\r\n    <p style=\"font-size: 35px; font-weight: bold; line-height: 45px; margin: 0;\">\r\n      Haz una pregunta y obt\u00e9n la respuesta al instante.\r\n    <\/p>\r\n  <\/section>\r\n\r\n  <!-- Closing Line -->\r\n  <footer aria-label=\"Mensaje Final\">\r\n    <p style=\"font-size: 35px; font-weight: bold; line-height: 1.4; text-align: left; margin: 0;\">\r\n      <strong><span style=\"color: #390170;\">CAR<\/span><span style=\"color: #F71336;\">TRIA\u2122 IA<\/span><\/strong> \u2014 \r\n      <span style=\"color: #280170;\">Tu Amigo en el Negocio de los Autos<\/span>\r\n    <\/p>\r\n  <\/footer>\r\n\r\n<\/section>\r\n\t\t\t\t<\/div>\n\t\t\t\t<\/div>\n\t\t\t\t\t<\/div>\n\t\t\t\t<\/div>\n\t\t<div class=\"elementor-element elementor-element-d388e32 e-flex e-con-boxed e-con e-parent\" data-id=\"d388e32\" data-element_type=\"container\" data-e-type=\"container\">\n\t\t\t\t\t<div class=\"e-con-inner\">\n\t\t\t\t<div class=\"elementor-element elementor-element-f52b6bf elementor-widget elementor-widget-html\" data-id=\"f52b6bf\" data-element_type=\"widget\" data-e-type=\"widget\" data-widget_type=\"html.default\">\n\t\t\t\t<div class=\"elementor-widget-container\">\n\t\t\t\t\t<style>\r\n  .scroll-up {\r\n    opacity: 0;\r\n    transform: translateY(50px);\r\n    transition: opacity 1s ease, transform 1s ease;\r\n  }\r\n\r\n  .scroll-up.active {\r\n    opacity: 1;\r\n    transform: translateY(0);\r\n  }\r\n\r\n  .cross-price {\r\n    position: relative;\r\n    display: inline-block;\r\n    font-size: 48px;\r\n    font-weight: bold;\r\n    color: #f71336;\r\n    line-height: 55px;\r\n  }\r\n\r\n  .cross-price::before,\r\n  .cross-price::after {\r\n    content: '';\r\n    position: absolute;\r\n    width: 100%;\r\n    height: 4px;\r\n    background-color: #f71336;\r\n    top: 50%;\r\n    left: 0;\r\n  }\r\n\r\n  .cross-price::before {\r\n    transform: rotate(45deg);\r\n  }\r\n\r\n  .cross-price::after {\r\n    transform: rotate(-45deg);\r\n  }\r\n<\/style>\r\n\r\n<div style=\"text-align: center; font-family: sans-serif; line-height: 55px; font-weight: bold;\">\r\n\r\n  <!-- L\u00ednea 1: OFERTA INICIAL (sin dos puntos) -->\r\n  <div class=\"scroll-up\" style=\"font-size: 45px;\">\r\n    <span style=\"color: #390170;\">OFERTA<\/span>\r\n    <span style=\"color: #f71336;\">INICIAL<\/span>\r\n  <\/div>\r\n\r\n  <!-- L\u00ednea 2: CARTRIA\u2122 AI con colores -->\r\n  <div class=\"scroll-up\" style=\"font-size: 45px; margin-top: 10px;\">\r\n    <span style=\"color: #390170;\">CAR<\/span><span style=\"color: #f71336;\">TRIA\u2122 AI<\/span>\r\n  <\/div>\r\n\r\n  <!-- L\u00ednea 3: (Valor de $70) -->\r\n  <div class=\"scroll-up\" style=\"font-size: 40px; color: #000; margin-top: 10px;\">\r\n    (Valor de $70)\r\n  <\/div>\r\n\r\n  <!-- Imagen del precio -->\r\n  <div style=\"margin-top: 25px;\">\r\n    <img decoding=\"async\" class=\"scroll-up\" src=\"https:\/\/paleturquoise-mink-699719.hostingersite.com\/wp-content\/uploads\/2025\/07\/Justo35.99-Trans.png\" style=\"width: 15%; height: auto;\" alt=\"Justo $35.99\">\r\n  <\/div>\r\n<\/div>\r\n\r\n<script>\r\n  \/\/ Animaci\u00f3n de aparici\u00f3n al hacer scroll\r\n  window.addEventListener('scroll', function () {\r\n    document.querySelectorAll('.scroll-up').forEach(function (el) {\r\n      const rect = el.getBoundingClientRect();\r\n      if (rect.top < window.innerHeight - 100) {\r\n        el.classList.add('active');\r\n      }\r\n    });\r\n  });\r\n<\/script>\r\n\t\t\t\t<\/div>\n\t\t\t\t<\/div>\n\t\t\t\t\t<\/div>\n\t\t\t\t<\/div>\n\t\t<div class=\"elementor-element elementor-element-1ec20d5d e-flex e-con-boxed e-con e-parent\" data-id=\"1ec20d5d\" data-element_type=\"container\" data-e-type=\"container\">\n\t\t\t\t\t<div class=\"e-con-inner\">\n\t\t\t\t<div class=\"elementor-element elementor-element-fbf684f elementor-align-center elementor-widget elementor-widget-button\" data-id=\"fbf684f\" data-element_type=\"widget\" data-e-type=\"widget\" data-widget_type=\"button.default\">\n\t\t\t\t<div class=\"elementor-widget-container\">\n\t\t\t\t\t\t\t\t\t<div class=\"elementor-button-wrapper\">\n\t\t\t\t\t<a class=\"elementor-button elementor-button-link elementor-size-sm\" href=\"#\">\n\t\t\t\t\t\t<span class=\"elementor-button-content-wrapper\">\n\t\t\t\t\t\t\t\t\t<span class=\"elementor-button-text\">Consigue CARTRIA\u2122AI Ahora<\/span>\n\t\t\t\t\t<\/span>\n\t\t\t\t\t<\/a>\n\t\t\t\t<\/div>\n\t\t\t\t\t\t\t\t<\/div>\n\t\t\t\t<\/div>\n\t\t\t\t\t<\/div>\n\t\t\t\t<\/div>\n\t\t\t\t<\/div>\n\t\t","protected":false},"excerpt":{"rendered":"<p>Sobre Your browser does not support the video tag. CARTRIA\u2122 AI \u2013 Car Buying Assistant. Acerca de CARTRIA\u2122 IA En CARTRIA\u2122 IA, creemos que cada comprador de autos merece un verdadero amigo: alguien que est\u00e9 de su lado para asegurarse de que nunca se aprovechen de \u00e9l. Por eso creamos CARTRIA\u2122 IA, un asistente experto [&hellip;]<\/p>\n","protected":false},"author":14,"featured_media":0,"parent":0,"menu_order":0,"comment_status":"closed","ping_status":"closed","template":"","meta":{"footnotes":""},"class_list":["post-9962","page","type-page","status-publish","hentry"],"yoast_head":"<!-- This site is optimized with the Yoast SEO plugin v27.4 - https:\/\/yoast.com\/product\/yoast-seo-wordpress\/ -->\n<title>Acerca de CARTRIA\u2122 AI \u2013 Tu Asistente IA en Compras de Autos<\/title>\n<meta name=\"description\" content=\"Conoce c\u00f3mo CARTRIA\u2122 AI te gu\u00eda con asesor\u00eda experta, negociaci\u00f3n en tiempo real y respuestas al instante. Disponible en ingl\u00e9s y espa\u00f1ol.\" \/>\n<meta name=\"robots\" content=\"index, follow, max-snippet:-1, max-image-preview:large, max-video-preview:-1\" \/>\n<link rel=\"canonical\" href=\"https:\/\/cartria.com\/es\/sobre\/\" \/>\n<meta property=\"og:locale\" content=\"es_ES\" \/>\n<meta property=\"og:type\" content=\"article\" \/>\n<meta property=\"og:title\" content=\"Acerca de CARTRIA\u2122 AI \u2013 Tu Asistente IA en Compras de Autos\" \/>\n<meta property=\"og:description\" content=\"Conoce c\u00f3mo CARTRIA\u2122 AI te gu\u00eda con asesor\u00eda experta, negociaci\u00f3n en tiempo real y respuestas al instante. Disponible en ingl\u00e9s y espa\u00f1ol.\" \/>\n<meta property=\"og:url\" content=\"https:\/\/cartria.com\/es\/sobre\/\" \/>\n<meta property=\"article:modified_time\" content=\"2025-10-30T15:56:56+00:00\" \/>\n<meta property=\"og:image\" content=\"https:\/\/paleturquoise-mink-699719.hostingersite.com\/wp-content\/uploads\/2025\/07\/Justo35.99-Trans.png\" \/>\n<meta name=\"twitter:card\" content=\"summary_large_image\" \/>\n<meta name=\"twitter:label1\" content=\"Tiempo de lectura\" \/>\n\t<meta name=\"twitter:data1\" content=\"2 minutos\" \/>\n<script type=\"application\/ld+json\" class=\"yoast-schema-graph\">{\"@context\":\"https:\\\/\\\/schema.org\",\"@graph\":[{\"@type\":\"WebPage\",\"@id\":\"https:\\\/\\\/cartria.com\\\/es\\\/sobre\\\/\",\"url\":\"https:\\\/\\\/cartria.com\\\/es\\\/sobre\\\/\",\"name\":\"Acerca de CARTRIA\u2122 AI \u2013 Tu Asistente IA en Compras de Autos\",\"isPartOf\":{\"@id\":\"https:\\\/\\\/cartria.com\\\/#website\"},\"primaryImageOfPage\":{\"@id\":\"https:\\\/\\\/cartria.com\\\/es\\\/sobre\\\/#primaryimage\"},\"image\":{\"@id\":\"https:\\\/\\\/cartria.com\\\/es\\\/sobre\\\/#primaryimage\"},\"thumbnailUrl\":\"https:\\\/\\\/paleturquoise-mink-699719.hostingersite.com\\\/wp-content\\\/uploads\\\/2025\\\/07\\\/Justo35.99-Trans.png\",\"datePublished\":\"2025-06-30T18:32:27+00:00\",\"dateModified\":\"2025-10-30T15:56:56+00:00\",\"description\":\"Conoce c\u00f3mo CARTRIA\u2122 AI te gu\u00eda con asesor\u00eda experta, negociaci\u00f3n en tiempo real y respuestas al instante. Disponible en ingl\u00e9s y espa\u00f1ol.\",\"breadcrumb\":{\"@id\":\"https:\\\/\\\/cartria.com\\\/es\\\/sobre\\\/#breadcrumb\"},\"inLanguage\":\"es\",\"potentialAction\":[{\"@type\":\"ReadAction\",\"target\":[\"https:\\\/\\\/cartria.com\\\/es\\\/sobre\\\/\"]}]},{\"@type\":\"ImageObject\",\"inLanguage\":\"es\",\"@id\":\"https:\\\/\\\/cartria.com\\\/es\\\/sobre\\\/#primaryimage\",\"url\":\"https:\\\/\\\/paleturquoise-mink-699719.hostingersite.com\\\/wp-content\\\/uploads\\\/2025\\\/07\\\/Justo35.99-Trans.png\",\"contentUrl\":\"https:\\\/\\\/paleturquoise-mink-699719.hostingersite.com\\\/wp-content\\\/uploads\\\/2025\\\/07\\\/Justo35.99-Trans.png\"},{\"@type\":\"BreadcrumbList\",\"@id\":\"https:\\\/\\\/cartria.com\\\/es\\\/sobre\\\/#breadcrumb\",\"itemListElement\":[{\"@type\":\"ListItem\",\"position\":1,\"name\":\"Home\",\"item\":\"https:\\\/\\\/cartria.com\\\/\"},{\"@type\":\"ListItem\",\"position\":2,\"name\":\"Sobre\"}]},{\"@type\":\"WebSite\",\"@id\":\"https:\\\/\\\/cartria.com\\\/#website\",\"url\":\"https:\\\/\\\/cartria.com\\\/\",\"name\":\"Cartria\",\"description\":\"\",\"publisher\":{\"@id\":\"https:\\\/\\\/cartria.com\\\/#organization\"},\"potentialAction\":[{\"@type\":\"SearchAction\",\"target\":{\"@type\":\"EntryPoint\",\"urlTemplate\":\"https:\\\/\\\/cartria.com\\\/?s={search_term_string}\"},\"query-input\":{\"@type\":\"PropertyValueSpecification\",\"valueRequired\":true,\"valueName\":\"search_term_string\"}}],\"inLanguage\":\"es\"},{\"@type\":\"Organization\",\"@id\":\"https:\\\/\\\/cartria.com\\\/#organization\",\"name\":\"Cartria\",\"url\":\"https:\\\/\\\/cartria.com\\\/\",\"logo\":{\"@type\":\"ImageObject\",\"inLanguage\":\"es\",\"@id\":\"https:\\\/\\\/cartria.com\\\/#\\\/schema\\\/logo\\\/image\\\/\",\"url\":\"https:\\\/\\\/cartria.com\\\/wp-content\\\/uploads\\\/2026\\\/02\\\/cartria_reg_logo_trans_2.png\",\"contentUrl\":\"https:\\\/\\\/cartria.com\\\/wp-content\\\/uploads\\\/2026\\\/02\\\/cartria_reg_logo_trans_2.png\",\"width\":1024,\"height\":1024,\"caption\":\"Cartria\"},\"image\":{\"@id\":\"https:\\\/\\\/cartria.com\\\/#\\\/schema\\\/logo\\\/image\\\/\"}}]}<\/script>\n<!-- \/ Yoast SEO plugin. -->","yoast_head_json":{"title":"Acerca de CARTRIA\u2122 AI \u2013 Tu Asistente IA en Compras de Autos","description":"Conoce c\u00f3mo CARTRIA\u2122 AI te gu\u00eda con asesor\u00eda experta, negociaci\u00f3n en tiempo real y respuestas al instante. Disponible en ingl\u00e9s y espa\u00f1ol.","robots":{"index":"index","follow":"follow","max-snippet":"max-snippet:-1","max-image-preview":"max-image-preview:large","max-video-preview":"max-video-preview:-1"},"canonical":"https:\/\/cartria.com\/es\/sobre\/","og_locale":"es_ES","og_type":"article","og_title":"Acerca de CARTRIA\u2122 AI \u2013 Tu Asistente IA en Compras de Autos","og_description":"Conoce c\u00f3mo CARTRIA\u2122 AI te gu\u00eda con asesor\u00eda experta, negociaci\u00f3n en tiempo real y respuestas al instante. Disponible en ingl\u00e9s y espa\u00f1ol.","og_url":"https:\/\/cartria.com\/es\/sobre\/","article_modified_time":"2025-10-30T15:56:56+00:00","og_image":[{"url":"https:\/\/paleturquoise-mink-699719.hostingersite.com\/wp-content\/uploads\/2025\/07\/Justo35.99-Trans.png","type":"","width":"","height":""}],"twitter_card":"summary_large_image","twitter_misc":{"Tiempo de lectura":"2 minutos"},"schema":{"@context":"https:\/\/schema.org","@graph":[{"@type":"WebPage","@id":"https:\/\/cartria.com\/es\/sobre\/","url":"https:\/\/cartria.com\/es\/sobre\/","name":"Acerca de CARTRIA\u2122 AI \u2013 Tu Asistente IA en Compras de Autos","isPartOf":{"@id":"https:\/\/cartria.com\/#website"},"primaryImageOfPage":{"@id":"https:\/\/cartria.com\/es\/sobre\/#primaryimage"},"image":{"@id":"https:\/\/cartria.com\/es\/sobre\/#primaryimage"},"thumbnailUrl":"https:\/\/paleturquoise-mink-699719.hostingersite.com\/wp-content\/uploads\/2025\/07\/Justo35.99-Trans.png","datePublished":"2025-06-30T18:32:27+00:00","dateModified":"2025-10-30T15:56:56+00:00","description":"Conoce c\u00f3mo CARTRIA\u2122 AI te gu\u00eda con asesor\u00eda experta, negociaci\u00f3n en tiempo real y respuestas al instante. Disponible en ingl\u00e9s y espa\u00f1ol.","breadcrumb":{"@id":"https:\/\/cartria.com\/es\/sobre\/#breadcrumb"},"inLanguage":"es","potentialAction":[{"@type":"ReadAction","target":["https:\/\/cartria.com\/es\/sobre\/"]}]},{"@type":"ImageObject","inLanguage":"es","@id":"https:\/\/cartria.com\/es\/sobre\/#primaryimage","url":"https:\/\/paleturquoise-mink-699719.hostingersite.com\/wp-content\/uploads\/2025\/07\/Justo35.99-Trans.png","contentUrl":"https:\/\/paleturquoise-mink-699719.hostingersite.com\/wp-content\/uploads\/2025\/07\/Justo35.99-Trans.png"},{"@type":"BreadcrumbList","@id":"https:\/\/cartria.com\/es\/sobre\/#breadcrumb","itemListElement":[{"@type":"ListItem","position":1,"name":"Home","item":"https:\/\/cartria.com\/"},{"@type":"ListItem","position":2,"name":"Sobre"}]},{"@type":"WebSite","@id":"https:\/\/cartria.com\/#website","url":"https:\/\/cartria.com\/","name":"Cartria","description":"","publisher":{"@id":"https:\/\/cartria.com\/#organization"},"potentialAction":[{"@type":"SearchAction","target":{"@type":"EntryPoint","urlTemplate":"https:\/\/cartria.com\/?s={search_term_string}"},"query-input":{"@type":"PropertyValueSpecification","valueRequired":true,"valueName":"search_term_string"}}],"inLanguage":"es"},{"@type":"Organization","@id":"https:\/\/cartria.com\/#organization","name":"Cartria","url":"https:\/\/cartria.com\/","logo":{"@type":"ImageObject","inLanguage":"es","@id":"https:\/\/cartria.com\/#\/schema\/logo\/image\/","url":"https:\/\/cartria.com\/wp-content\/uploads\/2026\/02\/cartria_reg_logo_trans_2.png","contentUrl":"https:\/\/cartria.com\/wp-content\/uploads\/2026\/02\/cartria_reg_logo_trans_2.png","width":1024,"height":1024,"caption":"Cartria"},"image":{"@id":"https:\/\/cartria.com\/#\/schema\/logo\/image\/"}}]}},"_links":{"self":[{"href":"https:\/\/cartria.com\/es\/wp-json\/wp\/v2\/pages\/9962","targetHints":{"allow":["GET"]}}],"collection":[{"href":"https:\/\/cartria.com\/es\/wp-json\/wp\/v2\/pages"}],"about":[{"href":"https:\/\/cartria.com\/es\/wp-json\/wp\/v2\/types\/page"}],"author":[{"embeddable":true,"href":"https:\/\/cartria.com\/es\/wp-json\/wp\/v2\/users\/14"}],"replies":[{"embeddable":true,"href":"https:\/\/cartria.com\/es\/wp-json\/wp\/v2\/comments?post=9962"}],"version-history":[{"count":0,"href":"https:\/\/cartria.com\/es\/wp-json\/wp\/v2\/pages\/9962\/revisions"}],"wp:attachment":[{"href":"https:\/\/cartria.com\/es\/wp-json\/wp\/v2\/media?parent=9962"}],"curies":[{"name":"wp","href":"https:\/\/api.w.org\/{rel}","templated":true}]}}